{"id":4314,"date":"2019-11-30T08:07:12","date_gmt":"2019-11-30T07:07:12","guid":{"rendered":"http:\/\/apologetique.plateformescientifique.fr\/?page_id=4314"},"modified":"2020-03-01T20:00:27","modified_gmt":"2020-03-01T19:00:27","slug":"a-propos","status":"publish","type":"page","link":"https:\/\/bibleetsciencediffusion.org\/index.php\/a-propos\/","title":{"rendered":"A propos"},"content":{"rendered":"<div id=\"attachment_4368\" style=\"width: 160px\" class=\"wp-caption alignleft\"><img loading=\"lazy\" decoding=\"async\" aria-describedby=\"caption-attachment-4368\" class=\"wp-image-4368 size-thumbnail\" src=\"http:\/\/apologetique.plateformescientifique.fr\/wp-content\/uploads\/2019\/11\/logo-bsd-300x80.png\" width=\"150\" height=\"40\" data-temp-aztec-id=\"e9525baa-43be-45cb-a9d6-1f35adadd479\" srcset=\"https:\/\/bibleetsciencediffusion.org\/wp-content\/uploads\/2019\/11\/logo-bsd-300x80.png 300w, https:\/\/bibleetsciencediffusion.org\/wp-content\/uploads\/2019\/11\/logo-bsd-350x93.png 350w, https:\/\/bibleetsciencediffusion.org\/wp-content\/uploads\/2019\/11\/logo-bsd.png 400w\" sizes=\"auto, (max-width: 150px) 100vw, 150px\" \/><p id=\"caption-attachment-4368\" class=\"wp-caption-text\">Bible &amp; Science Diffusion<\/p><\/div>\n<p><strong>Bible &amp; Science Diffusion<\/strong> (B&amp;SD) a pour mission de diffuser aupr\u00e8s du public francophone des ressources apolog\u00e9tiques li\u00e9es \u00e0 la th\u00e9matique \u00ab Bible et Science \u00bb qui s\u2019enracine dans le r\u00e9cit de la cr\u00e9ation de la Gen\u00e8se. Cette t\u00e2che proc\u00e8de de notre confiance totale dans la fiabilit\u00e9 historique et scientifique de la Bible.<\/p>\n<p>Cette th\u00e9matique est explor\u00e9e dans toutes ses d\u00e9clinaisons possibles (th\u00e9ologique, philosophique, \u00e9thique, culturelle, soci\u00e9tale, \u00e9conomique, etc.). Les ressources propos\u00e9es combinent \u00e0 la fois des articles et vid\u00e9os de vulgarisation accessibles destin\u00e9s au plus grand nombre et des articles techniques pour ceux qui d\u00e9sirent approfondir.<\/p>\n<p>B&amp;SD se propose de promouvoir et de pr\u00e9senter l&rsquo;harmonie parfaite qui existe entre la Bible et la science selon une vision et une perspective proprement chr\u00e9tiennes et bibliques, et appelle \u00e0 retrouver l&rsquo;esprit scientifique v\u00e9ritable caract\u00e9ris\u00e9 par les \u00e9l\u00e9ments suivants : la curiosit\u00e9 intellectuelle qui interroge et scrute la r\u00e9alit\u00e9 cr\u00e9\u00e9e dans un \u00e9lan d&rsquo;\u00e9merveillement, un sain scepticisme qui questionne les certitudes \u00e9tablies \u00e9rig\u00e9es en dogmes, la pleine libert\u00e9 de penser hors des sentiers battus et des contraintes psychoculturelles, la rigueur m\u00e9thodologique, l&rsquo;int\u00e9grit\u00e9 scientifique, la d\u00e9marche inductive fond\u00e9e sur les faits exp\u00e9rimentaux, la logique classique et l&rsquo;amour et la recherche d\u00e9termin\u00e9e de la v\u00e9rit\u00e9.<\/p>\n<p>Pour toutes questions, n&rsquo;h\u00e9sitez pas \u00e0 nous contacter.<\/p>\n<p><code class=\"mm-code\"><div id=\"simple-contact-form-wrap\">\r\n\t\t<div id=\"simple-contact-form\" class=\"scf\">\r\n\t\t\t<form action=\"#simple-contact-form-wrap\" method=\"post\">\r\n\t\t\t\t<div class=\"scf-row scf-name\">\r\n\t\t\t\t\t<label for=\"scf_name\">Votre Nom<\/label>\r\n\t\t\t\t\t<input name=\"scf_name\" id=\"scf_name\" type=\"text\" size=\"33\" maxlength=\"99\" value=\"\" placeholder=\"Votre Nom\" \/>\r\n\t\t\t\t<\/div>\r\n\t\t\t\t<div class=\"scf-row scf-email\">\r\n\t\t\t\t\t<label for=\"scf_email\">Votre Email<\/label>\r\n\t\t\t\t\t<input name=\"scf_email\" id=\"scf_email\" type=\"text\" size=\"33\" maxlength=\"99\" value=\"\" placeholder=\"Votre Email\" \/>\r\n\t\t\t\t<\/div>\r\n\t\t<div class=\"scf-row scf-confirm-email\">\r\n\t\t\t<label for=\"scf_confirm_email\">Confirmez Email<\/label>\r\n\t\t\t<input name=\"scf_confirm_email\" id=\"scf_confirm_email\" type=\"text\" size=\"33\" maxlength=\"99\" value=\"\" placeholder=\"Confirmez votre Email\" \/>\r\n\t\t<\/div>\r\n\t\t\t\t<div class=\"scf-row scf-response\">\r\n\t\t\t\t\t<label for=\"scf_response\">1 + 2 =<\/label>\r\n\t\t\t\t\t<input name=\"scf_response\" id=\"scf_response\" type=\"text\" size=\"33\" maxlength=\"99\" value=\"\" placeholder=\"R\u00e9ponse correcte\" \/>\r\n\t\t\t\t<\/div>\r\n\t\t\t\t<div class=\"scf-row scf-message\">\r\n\t\t\t\t\t<label for=\"scf_message\">Votre Message<\/label>\r\n\t\t\t\t\t<textarea name=\"scf_message\" id=\"scf_message\" cols=\"33\" rows=\"7\" placeholder=\"Votre Message\"><\/textarea>\r\n\t\t\t\t<\/div><div class=\"scf-submit\">\r\n\t\t\t\t\t<input type=\"submit\" id=\"scf-button\" value=\"Envoyer\">\r\n\t\t\t\t\t<input type=\"hidden\" id=\"scf-key\" name=\"scf-key\" value=\"process\">\r\n\t\t\t\t\t<input type=\"hidden\" id=\"scf-nonce\" name=\"scf-nonce\" value=\"2017ccd112\" \/>\r\n\t\t\t\t<\/div>\t<div class=\"scf-confirm-checkbox\">\r\n\t\t<label><input type=\"checkbox\" required> Je consens \u00e0 ce que ce site web stocke mes informations soumises afin qu'elles puissent r\u00e9pondre \u00e0 ma demande. Consultez notre politique de confidentialit\u00e9 pour en savoir plus sur la fa\u00e7on dont nous utilisons les donn\u00e9es.<\/label>\r\n\t<\/div><!-- .scf-confirm-checkbox -->\r\n\t<\/form>\r\n\t\t<\/div>\r\n\t\t<style>.scf-confirm-checkbox { margin-top: 15px; } .scf-website3dhhsy3 { display: none; } #simple-contact-form .scf-row { width: 100%; overflow: hidden; margin: 5px 0; padding: 5px 0; border: 0; } #simple-contact-form .scf-row input { box-sizing: border-box; float: left; clear: none; width: 75%; margin: 0; } #simple-contact-form .scf-row label { box-sizing: border-box; float: left; clear: both; width: 25%; margin-top: 5px; font-size: 90%; } #simple-contact-form .scf-row textarea { box-sizing: border-box; float: left; clear: both; width: 100%; margin-top: 2px; }#simple-contact-form form { max-width: 700px; padding: 5px; } #simple-contact-form fieldset { width: 100%; overflow: hidden; margin: 5px 0; padding: 5px 0; border: 0; } #simple-contact-form fieldset input { box-sizing: border-box; float: left; clear: none; width: 75%; margin: 0; } #simple-contact-form fieldset label { box-sizing: border-box; float: left; clear: both; width: 25%; margin-top: 5px; font-size: 90%; } #simple-contact-form fieldset textarea { box-sizing: border-box; float: left; clear: both; width: 100%; margin-top: 2px; } #scf_success pre { white-space: pre-wrap; } p.scf_error, p.scf_spam { color: #cc0000; } div.scf-submit { margin-top: 10px; } p.scf_success { color: #669966; } .scf-confirm-checkbox { margin-top: 15px; } .scf-website3dhhsy3 { display: none; }<\/style><div style=\"clear:both\">&nbsp;<\/div><\/div><\/code><\/p>\n","protected":false},"excerpt":{"rendered":"<p>Bible &amp; Science Diffusion (B&amp;SD) a pour mission de diffuser aupr\u00e8s du public francophone des ressources apolog\u00e9tiques li\u00e9es \u00e0 la&hellip;<\/p>\n","protected":false},"author":2,"featured_media":0,"parent":0,"menu_order":0,"comment_status":"closed","ping_status":"closed","template":"","meta":{"jetpack_post_was_ever_published":false,"footnotes":""},"class_list":["post-4314","page","type-page","status-publish","hentry"],"jetpack_sharing_enabled":true,"jetpack_shortlink":"https:\/\/wp.me\/Pbu0ZL-17A","_links":{"self":[{"href":"https:\/\/bibleetsciencediffusion.org\/index.php\/wp-json\/wp\/v2\/pages\/4314","targetHints":{"allow":["GET"]}}],"collection":[{"href":"https:\/\/bibleetsciencediffusion.org\/index.php\/wp-json\/wp\/v2\/pages"}],"about":[{"href":"https:\/\/bibleetsciencediffusion.org\/index.php\/wp-json\/wp\/v2\/types\/page"}],"author":[{"embeddable":true,"href":"https:\/\/bibleetsciencediffusion.org\/index.php\/wp-json\/wp\/v2\/users\/2"}],"replies":[{"embeddable":true,"href":"https:\/\/bibleetsciencediffusion.org\/index.php\/wp-json\/wp\/v2\/comments?post=4314"}],"version-history":[{"count":11,"href":"https:\/\/bibleetsciencediffusion.org\/index.php\/wp-json\/wp\/v2\/pages\/4314\/revisions"}],"predecessor-version":[{"id":7194,"href":"https:\/\/bibleetsciencediffusion.org\/index.php\/wp-json\/wp\/v2\/pages\/4314\/revisions\/7194"}],"wp:attachment":[{"href":"https:\/\/bibleetsciencediffusion.org\/index.php\/wp-json\/wp\/v2\/media?parent=4314"}],"curies":[{"name":"wp","href":"https:\/\/api.w.org\/{rel}","templated":true}]}}