{"id":4797,"date":"2019-12-07T07:16:01","date_gmt":"2019-12-07T06:16:01","guid":{"rendered":"https:\/\/bibleetsciencediffusion.org\/index.php\/accueil\/"},"modified":"2020-05-06T15:14:18","modified_gmt":"2020-05-06T13:14:18","slug":"accueil","status":"publish","type":"page","link":"https:\/\/bibleetsciencediffusion.org\/index.php\/accueil\/","title":{"rendered":"Accueil"},"content":{"rendered":"\n<h2 class=\"name post-title entry-title wp-block-heading\">Grand succ\u00e8s du premier congr\u00e8s national Bible et Science 2019 \u00e0 Mulhouse <\/h2>\n\n\n\n<p class=\"post-meta\">31 octobre 2019<\/p>\n\n\n\n<figure class=\"wp-block-image\"><img loading=\"lazy\" decoding=\"async\" width=\"1050\" height=\"525\" src=\"https:\/\/bibleetsciencediffusion.org\/wp-content\/uploads\/2019\/12\/Sans-titre-1-78-1050x525-1.jpg\" alt=\"\" class=\"wp-image-4812\" srcset=\"https:\/\/bibleetsciencediffusion.org\/wp-content\/uploads\/2019\/12\/Sans-titre-1-78-1050x525-1.jpg 1050w, https:\/\/bibleetsciencediffusion.org\/wp-content\/uploads\/2019\/12\/Sans-titre-1-78-1050x525-1-300x150.jpg 300w, https:\/\/bibleetsciencediffusion.org\/wp-content\/uploads\/2019\/12\/Sans-titre-1-78-1050x525-1-1024x512.jpg 1024w, https:\/\/bibleetsciencediffusion.org\/wp-content\/uploads\/2019\/12\/Sans-titre-1-78-1050x525-1-768x384.jpg 768w, https:\/\/bibleetsciencediffusion.org\/wp-content\/uploads\/2019\/12\/Sans-titre-1-78-1050x525-1-600x300.jpg 600w\" sizes=\"auto, (max-width: 1050px) 100vw, 1050px\" \/><figcaption>Premier congr\u00e8s national Bible &amp; Science \u00e0 Mulhouse, 25-27 octobre 2019<\/figcaption><\/figure>\n\n\n\n<p><strong>Plus de 600 congressistes venus de toute la France et au-del\u00e0 se sont rassembl\u00e9s pour un congr\u00e8s d\u2019une haute teneur scientifique.<\/strong><\/p>\n\n\n\n<p>Chercheurs, universitaires, enseignants, m\u00e9decins, et beaucoup de jeunes ont \u00e9t\u00e9 surpris de d\u00e9couvrir autant d\u2019arguments solides corroborant le r\u00e9cit biblique de nos origines. Pour cette premi\u00e8re \u00e9dition, sur un sujet \u00f4 combien d\u00e9licat et propice aux prises de position radicales et antagonistes, les organisateurs esp\u00e9raient pouvoir rassembler 300 personnes. Ils ont \u00e9t\u00e9 surpris de recevoir plus de 600 congressistes venus de toute la France, et au-del\u00e0.<\/p>\n\n\n\n<p>La g\u00e9n\u00e9tique \u00e9tait au c\u0153ur de l\u2019\u00e9v\u00e9nement, avec la venue du Professeur John Sanford, auteur de nombreuses publications, et d\u2019un ouvrage grand public tout juste traduit en fran\u00e7ais&nbsp;<em><a href=\"https:\/\/bibleetsciencediffusion.org\/index.php\/produit\/lentropie-genetique-de-john-sanford\/\">L\u2019entropie g\u00e9n\u00e9tique et le myst\u00e8re du g\u00e9nome<\/a><\/em>. Les arguments d\u00e9velopp\u00e9s, illustr\u00e9s d\u2019extraits de publications scientifiques, en plus de ses propres travaux, ont mis en lumi\u00e8re ce que r\u00e9v\u00e8le la g\u00e9n\u00e9tique sur nos origines. Le r\u00e9sultat est \u00e0 l\u2019oppos\u00e9 du discours enseign\u00e9 partout depuis Darwin.<\/p>\n\n\n\n<p>L\u2019int\u00e9gralit\u00e9 des 11 sessions ont \u00e9t\u00e9 film\u00e9es et sont disponibles sur cl\u00e9 USB et bient\u00f4t en VOD.<\/p>\n\n\n\n<p>Retrouvez l&rsquo;ensemble des 3 jours de congr\u00e8s sur une seule cl\u00e9 USB. 11 sessions enregistr\u00e9es \u00e0 la Porte Ouverte Chr\u00e9tienne de Mulhouse.&nbsp;<br>Les intervenants : Dr John SANFORD (invit\u00e9 d&rsquo;honneur), Andr\u00e9 EGGEN, Etienne VERNAZ, Dominique TASSOT, Guy BERTHAULT, Jean de PONTCHARRA, Eric LEMAITRE, Pierre AMEY. <\/p>\n\n\n\n<p>Visitez le <a href=\"http:\/\/www.congres-bible-et-science.fr\">site Internet du premier congr\u00e8s national Bible &amp; Science 2019<\/a>.<\/p>\n\n\n\n<figure class=\"wp-block-image\"><img loading=\"lazy\" decoding=\"async\" width=\"450\" height=\"484\" src=\"https:\/\/bibleetsciencediffusion.org\/wp-content\/uploads\/2019\/12\/cle-usb-du-congres-national-bible-et-science-la-question-des-origines.jpg\" alt=\"\" class=\"wp-image-4813\" srcset=\"https:\/\/bibleetsciencediffusion.org\/wp-content\/uploads\/2019\/12\/cle-usb-du-congres-national-bible-et-science-la-question-des-origines.jpg 450w, https:\/\/bibleetsciencediffusion.org\/wp-content\/uploads\/2019\/12\/cle-usb-du-congres-national-bible-et-science-la-question-des-origines-279x300.jpg 279w\" sizes=\"auto, (max-width: 450px) 100vw, 450px\" \/><\/figure>\n\n\n\n<p>Pour acheter la cl\u00e9 USB au prix de 50 \u20ac, cliquer <a aria-label=\"ici (ouverture dans un nouvel onglet)\" href=\"https:\/\/www.philadelphie.com\/cle-usb-du-congres-national-bible-et-science-la-question-des-origines-a8886.html\" target=\"_blank\" rel=\"noreferrer noopener\">ici<\/a>.<\/p>\n\n\n\n<p><\/p>\n\n\n\n<p><strong>Communiqu\u00e9 de presse : Patrick Vauclair<\/strong><\/p>\n\n\n\n<p>Lire l&rsquo;article entier sur <a aria-label=\"Info Chr\u00e9tienne (ouverture dans un nouvel onglet)\" href=\"https:\/\/www.infochretienne.com\/grand-succes-du-premier-congres-national-bible-et-science\/\" target=\"_blank\" rel=\"noreferrer noopener\">Info Chr\u00e9tienne<\/a>.<\/p>\n\n\n\n<p> <\/p>\n\n\n\n<hr class=\"wp-block-separator\"\/>\n\n\n\n<figure class=\"wp-block-image\"><img loading=\"lazy\" decoding=\"async\" width=\"992\" height=\"1435\" src=\"https:\/\/bibleetsciencediffusion.org\/wp-content\/uploads\/2019\/12\/Screenshot_20191207-070742_AquaMail.jpg\" alt=\"\" class=\"wp-image-4795\" srcset=\"https:\/\/bibleetsciencediffusion.org\/wp-content\/uploads\/2019\/12\/Screenshot_20191207-070742_AquaMail.jpg 992w, https:\/\/bibleetsciencediffusion.org\/wp-content\/uploads\/2019\/12\/Screenshot_20191207-070742_AquaMail-207x300.jpg 207w, https:\/\/bibleetsciencediffusion.org\/wp-content\/uploads\/2019\/12\/Screenshot_20191207-070742_AquaMail-708x1024.jpg 708w, https:\/\/bibleetsciencediffusion.org\/wp-content\/uploads\/2019\/12\/Screenshot_20191207-070742_AquaMail-768x1111.jpg 768w, https:\/\/bibleetsciencediffusion.org\/wp-content\/uploads\/2019\/12\/Screenshot_20191207-070742_AquaMail-600x868.jpg 600w\" sizes=\"auto, (max-width: 992px) 100vw, 992px\" \/><figcaption>Premier congr\u00e8s national Bible &amp; Science \u00e0 Mulhouse, 25-27 octobre 2019<\/figcaption><\/figure>\n\n\n\n<p><strong>Nouveau Service VOD&nbsp;(Vid\u00e9o \u00e0 la demande)<\/strong>&nbsp;<\/p>\n\n\n\n<p>D\u00e9marrage du service VOD (achat \/ location)&nbsp;de notre partenaire VX-COM<\/p>\n\n\n\n<h3 class=\"wp-block-heading\"><strong>Premi\u00e8re vid\u00e9o du congr\u00e8s national BIBLE &amp; SCIENCE : \u00ab\u00a0D\u00e9volution et entropie g\u00e9n\u00e9tique\u00a0\u00bb <\/strong>avec le g\u00e9n\u00e9ticien John Sanford<\/h3>\n\n\n\n<p>Le g\u00e9n\u00e9ticien John Sanford apporte les preuves de la d\u00e9g\u00e9n\u00e9rescence de tous les organismes vivants \u00e0 partir des derni\u00e8res avanc\u00e9es de la g\u00e9n\u00e9tiques (entropie g\u00e9n\u00e9tique). Ce constat contredit frontalement la th\u00e9orie de l&rsquo;\u00e9volution (conf\u00e9rence illustr\u00e9e lors du premier congr\u00e8s national Bible &amp; Science 2019).<\/p>\n\n\n\n<figure class=\"wp-block-image\"><img loading=\"lazy\" decoding=\"async\" width=\"1045\" height=\"623\" src=\"https:\/\/bibleetsciencediffusion.org\/wp-content\/uploads\/2019\/12\/Screenshot_20191207-071355_Samsung-Internet.jpg\" alt=\"Bande annonce\" class=\"wp-image-4796\" srcset=\"https:\/\/bibleetsciencediffusion.org\/wp-content\/uploads\/2019\/12\/Screenshot_20191207-071355_Samsung-Internet.jpg 1045w, https:\/\/bibleetsciencediffusion.org\/wp-content\/uploads\/2019\/12\/Screenshot_20191207-071355_Samsung-Internet-300x179.jpg 300w, https:\/\/bibleetsciencediffusion.org\/wp-content\/uploads\/2019\/12\/Screenshot_20191207-071355_Samsung-Internet-1024x610.jpg 1024w, https:\/\/bibleetsciencediffusion.org\/wp-content\/uploads\/2019\/12\/Screenshot_20191207-071355_Samsung-Internet-768x458.jpg 768w, https:\/\/bibleetsciencediffusion.org\/wp-content\/uploads\/2019\/12\/Screenshot_20191207-071355_Samsung-Internet-600x358.jpg 600w\" sizes=\"auto, (max-width: 1045px) 100vw, 1045px\" \/><\/figure>\n\n\n\n<h2 class=\"wp-block-heading\"><strong>Vid\u00e9os du congr\u00e8s national BIBLE &amp; SCIENCE <\/strong><\/h2>\n\n\n\n<h3 class=\"wp-block-heading\">L\u2019\u00e9volution darwinienne \u00e0 la lumi\u00e8re des d\u00e9couvertes g\u00e9nomiques avec le Dr Andr\u00e9 Eggen, ancien directeur de recherche en g\u00e9n\u00e9tique animale<\/h3>\n\n\n\n<p>Andr\u00e9 Eggen est ing\u00e9nieur agronome dipl\u00f4m\u00e9 de l\u2019Ecole Polytechnique F\u00e9d\u00e9rale de Zurich, docteur en sciences et ancien directeur de recherches sp\u00e9cialiste du g\u00e9nome dans un grand \u00e9tablissement de recherche fran\u00e7ais.<br>Alors que la th\u00e9orie de l\u2019\u00e9volution est consid\u00e9r\u00e9e par le grand public comme largement d\u00e9montr\u00e9e, un nombre croissant de chercheurs osent la confronter aux derni\u00e8res d\u00e9couvertes sur les g\u00e9nomes.<br>Cette session met en lumi\u00e8re les probl\u00e8mes rencontr\u00e9s et l\u2019obligation de reconsid\u00e9rer notre vision de la vie, de son origine et de sa transmission.<\/p>\n\n\n\n<figure><iframe loading=\"lazy\" width=\"932\" height=\"524\" src=\"https:\/\/www.youtube.com\/embed\/KcxIKT_Kijc\" frameborder=\"0\" allowfullscreen=\"allowfullscreen\"><\/iframe><\/figure>\n\n\n\n<h3 class=\"wp-block-heading\">Nouvelles preuves g\u00e9n\u00e9tiques r\u00e9futant l&rsquo;\u00e9volution n\u00e9odarwinienne &#8211; par John Sanford<\/h3>\n\n\n\n<p>Il s&rsquo;agit d&rsquo;un expos\u00e9 apport\u00e9 par le g\u00e9n\u00e9ticien John Sanford au premier congr\u00e8s national Bible &amp; Science qui a eu lieu du 25 au 27 octobre 2019 \u00e0 Mulhouse.<br>La th\u00e9orie n\u00e9odarwinienne de l&rsquo;\u00e9volution est en train de s&rsquo;effondrer.<br>Trois nouvelles preuves puissantes contre l&rsquo;\u00e9volution sont :<br>a) la r\u00e9futation du c\u00e9l\u00e8bre th\u00e9or\u00e8me fondamental de la s\u00e9lection naturelle de Fisher,<\/p>\n\n\n\n<p>b) la r\u00e9futation de l&rsquo;\u00e9volution menant du singe \u00e0 l\u2019homme \u2013 gr\u00e2ce au grave \u00ab probl\u00e8me du temps d&rsquo;attente \u00bb et<\/p>\n\n\n\n<p>c) la r\u00e9futation de la c\u00e9l\u00e8bre affirmation par Ohno que \u00ab\u00a0l&rsquo;\u00e9volution de novo de l&rsquo;enzyme nylonase\u00a0\u00bb est possible.<\/p>\n\n\n\n<p><iframe loading=\"lazy\" width=\"932\" height=\"524\" src=\"https:\/\/www.youtube.com\/embed\/_JL5pjVBrEg\" frameborder=\"0\" allowfullscreen=\"allowfullscreen\"><\/iframe><\/p>\n\n\n\n<h3 class=\"wp-block-heading\"><strong>S\u00e9dimentologie : de la stratification \u00e0 la pal\u00e9ohydraulique \u2013 par Dominique Tassot<\/strong><\/h3>\n\n\n\n<p>Voici la vid\u00e9o de l\u2019expos\u00e9 pr\u00e9sent\u00e9 par\u00a0Dominique Tassot au\u00a0<a href=\"https:\/\/bibleetsciencediffusion.org\/index.php\/accueil\/\">premier congr\u00e8s Bible &amp; Science \u00e0 Mulhouse\u00a0<\/a>qui s\u2019est d\u00e9roul\u00e9 au 25 au 27 octobre 2019 sur la nouvelle s\u00e9dimentologie inaugur\u00e9e par Guy Berthault.<\/p>\n\n\n\n<p>Dominique Tassot expose, dans cette conf\u00e9rence accessible \u00e0 tous, l\u2019histoire fascinante de la d\u00e9couverte de Guy Berthault dont il met en avant les principes essentiels, mais aussi les rebondissements caucasses. Les cons\u00e9quences de cette nouvelle s\u00e9dimentologie sont assur\u00e9ment de nature \u00e0 bouleverser un certain nombre de dogmes en g\u00e9ologie, dont, en premier lieu, celui des longs \u00e2ges g\u00e9ologiques. Cette d\u00e9couverte vient encore confirmer que le v\u00e9ritable esprit scientifique n\u2019est pas l\u00e0 o\u00f9 l\u2019on pense : il se trouve en fait, non pas dans l\u2019\u00e9tablissement scientifique qui s\u2019est alourdi par la somme d\u2019id\u00e9es conventionnelles ingurgit\u00e9es sans questionner les principes de base, mais dans des esprits curieux libres de tout carcan.<\/p>\n\n\n\n<figure><iframe loading=\"lazy\" width=\"698\" height=\"669\" src=\"https:\/\/www.youtube.com\/embed\/fzyo-Hbjzq4\" allowfullscreen=\"\"><\/iframe><\/figure>\n\n\n\n<h3 class=\"wp-block-heading\">Datations radiom\u00e9triques et datations de dinosaures au C14 \u2013 par Jean de Pontcharra<\/h3>\n\n\n\n<p>Le consensus veut que les dinosaures aient disparu il y a environ 65 millions d\u2019ann\u00e9es. Pourtant, certains de leurs fossiles dat\u00e9s r\u00e9cemment contiennent du carbone 14, indiquant un \u00e2ge tr\u00e8s inf\u00e9rieur.<br>Cette expos\u00e9 aborde les probl\u00e8mes du choix des conditions initiales et de contamination des m\u00e9thodes de datation radiom\u00e9trique et en discute les cons\u00e9quences sur la chronologie des \u00e8res g\u00e9ologiques. Il a \u00e9t\u00e9 donn\u00e9 par Jean de Pontcharra lors du premier congr\u00e8s national Bible et Science qui s\u2019est tenu \u00e0 Mulhouse du 25 au 27 octobre 2019.<\/p>\n\n\n\n<figure><iframe loading=\"lazy\" width=\"698\" height=\"524\" src=\"https:\/\/www.youtube.com\/embed\/oMjBiTbSYcY\" allowfullscreen=\"\"><\/iframe><\/figure>\n\n\n\n<h3 class=\"wp-block-heading\">L\u2019homme mutant \u2013 par Eric Lema\u00eetre<\/h3>\n\n\n\n<p>Voici la vid\u00e9o de l\u2019expos\u00e9 apport\u00e9 par\u00a0Eric\u00a0Lema\u00eetre,\u00a0socio-\u00e9conomiste, au <a href=\"https:\/\/bibleetsciencediffusion.org\/index.php\/accueil\/\">premier congr\u00e8s Bible &amp; Science \u00e0 Mulhouse <\/a>qui s\u2019est d\u00e9roul\u00e9 au 25 au 27 octobre 2019. L\u2019id\u00e9ologie utopiste transhumaniste y est d\u00e9voil\u00e9e.<\/p>\n\n\n\n<figure><iframe loading=\"lazy\" width=\"698\" height=\"431\" src=\"https:\/\/www.youtube.com\/embed\/ubuOJo778sA\" allowfullscreen=\"\"><\/iframe><\/figure>\n","protected":false},"excerpt":{"rendered":"<p>Grand succ\u00e8s du premier congr\u00e8s national Bible et Science 2019 \u00e0 Mulhouse 31 octobre 2019 Plus de 600 congressistes venus&hellip;<\/p>\n","protected":false},"author":7,"featured_media":0,"parent":0,"menu_order":0,"comment_status":"closed","ping_status":"closed","template":"","meta":{"jetpack_post_was_ever_published":false,"footnotes":""},"class_list":["post-4797","page","type-page","status-publish","hentry"],"jetpack_sharing_enabled":true,"jetpack_shortlink":"https:\/\/wp.me\/Pbu0ZL-1fn","_links":{"self":[{"href":"https:\/\/bibleetsciencediffusion.org\/index.php\/wp-json\/wp\/v2\/pages\/4797","targetHints":{"allow":["GET"]}}],"collection":[{"href":"https:\/\/bibleetsciencediffusion.org\/index.php\/wp-json\/wp\/v2\/pages"}],"about":[{"href":"https:\/\/bibleetsciencediffusion.org\/index.php\/wp-json\/wp\/v2\/types\/page"}],"author":[{"embeddable":true,"href":"https:\/\/bibleetsciencediffusion.org\/index.php\/wp-json\/wp\/v2\/users\/7"}],"replies":[{"embeddable":true,"href":"https:\/\/bibleetsciencediffusion.org\/index.php\/wp-json\/wp\/v2\/comments?post=4797"}],"version-history":[{"count":7,"href":"https:\/\/bibleetsciencediffusion.org\/index.php\/wp-json\/wp\/v2\/pages\/4797\/revisions"}],"predecessor-version":[{"id":7652,"href":"https:\/\/bibleetsciencediffusion.org\/index.php\/wp-json\/wp\/v2\/pages\/4797\/revisions\/7652"}],"wp:attachment":[{"href":"https:\/\/bibleetsciencediffusion.org\/index.php\/wp-json\/wp\/v2\/media?parent=4797"}],"curies":[{"name":"wp","href":"https:\/\/api.w.org\/{rel}","templated":true}]}}