{"id":4861,"date":"2019-12-08T09:51:04","date_gmt":"2019-12-08T08:51:04","guid":{"rendered":"https:\/\/bibleetsciencediffusion.org\/?page_id=4861"},"modified":"2019-12-13T15:17:55","modified_gmt":"2019-12-13T14:17:55","slug":"liens","status":"publish","type":"page","link":"https:\/\/bibleetsciencediffusion.org\/index.php\/liens\/","title":{"rendered":"Liens"},"content":{"rendered":"<h2 class=\"wp-block-heading\">Partenaires<\/h2> <h3 class=\"wp-block-heading\">VX-COM International<\/h3> <p>VX-COM International est \u00e0 la base une soci\u00e9t\u00e9 de production audio-visuelle cr\u00e9\u00e9e en 1990 et comptant \u00e0 son actif des centaines d&rsquo;\u00e9missions TV, documentaires et autres. Elle est \u00e9galement une soci\u00e9t\u00e9 d&rsquo;\u00e9dition vid\u00e9o.<br>Elle s&rsquo;est associ\u00e9e \u00e0 Bible &amp; Science Diffusion depuis 2016 dans le but de produire des ressources audiovisuelles commerciales de qualit\u00e9 et d&rsquo;assurer leur large diffusion dans le monde francophone.<br><br><a rel=\"noopener\" href=\"http:\/\/www.gospel-film.com\/\"><img loading=\"lazy\" decoding=\"async\" class=\"wp-image-5171 alignnone size-full\" src=\"https:\/\/bibleetsciencediffusion.org\/wp-content\/uploads\/2019\/12\/gofilm-logo-1479142798.jpg\" width=\"350\" height=\"110\" data-temp-aztec-id=\"7f985038-836a-46ce-932c-f4b0f65105fb\" srcset=\"https:\/\/bibleetsciencediffusion.org\/wp-content\/uploads\/2019\/12\/gofilm-logo-1479142798.jpg 350w, https:\/\/bibleetsciencediffusion.org\/wp-content\/uploads\/2019\/12\/gofilm-logo-1479142798-300x94.jpg 300w\" sizes=\"auto, (max-width: 350px) 100vw, 350px\" \/><\/a><\/p> <h3><\/h3>Gospel Film est la boutique en ligne associ\u00e9e \u00e0 VX-COM International.<h3><span class=\"gras mauve\" style=\"font-weight:bold; font-size:1.2em; line-height:normal; color:rgb(208,139,114); font-family:Forum,cursive; font-style:normal; font-variant-ligatures:normal; font-variant-caps:normal; letter-spacing:normal; orphans:2text-indent:0px; text-transform:none; white-space:normal; widows:2; word-spacing:0px; -webkit-text-stroke-width:0px; background-color:rgb(255,255,255); text-decoration-style:initial; text-decoration-color:initial; text-align:left;\">&gt;&gt;&gt;&gt;<span>\u00a0<\/span><\/span><a class=\"infop2\" style=\"text-decoration: underline; font-family: Forum, cursive; color: rgb(208, 139, 114); font-size: 0.9em; font-weight: bold; font-style: normal; font-variant-ligatures: normal; font-variant-caps: normal; letter-spacing: normal; orphans: 2; text-align: left; text-indent: 0px; text-transform: none; white-space: normal; widows: 2; word-spacing: 0px; -webkit-text-stroke-width: 0px; background-color: rgb(255, 255, 255);\" href=\"http:\/\/www.gospel-film.com\/\" target=\"_blank\" rel=\"noopener noreferrer\">gospel-film.com<\/a><\/h3><br><br><h3><img loading=\"lazy\" decoding=\"async\" width=\"150\" height=\"40\" style=\"color: rgb(88, 88, 90); font-family: Forum, cursive; font-style: normal; font-variant-ligatures: normal; font-variant-caps: normal; font-weight: 400; letter-spacing: normal; orphans: 2; text-align: left; text-indent: 0px; text-transform: none; white-space: normal; widows: 2; word-spacing: 0px; -webkit-text-stroke-width: 0px; background-color: rgb(255, 255, 255); text-decoration-style: initial; text-decoration-color: initial;\" src=\"http:\/\/www.congres-bible-et-science.fr\/RElements\/log-ode.png\" data-temp-aztec-id=\"cb5dfbfc-50d3-48b9-9d34-f8d76a4aed9d\" \/><\/h3><br><br><span class=\"gras mauve\" style=\"font-weight:bold; font-size:1.2em; line-height:normal; color:rgb(208,139,114); font-family:Forum,cursive; font-style:normal; font-variant-ligatures:normal; font-variant-caps:normal; letter-spacing:normal; orphans:2text-indent:0px; text-transform:none; white-space:normal; widows:2; word-spacing:0px; -webkit-text-stroke-width:0px; background-color:rgb(255,255,255); text-decoration-style:initial; text-decoration-color:initial; text-align:left;\">dieu-existe.fr<\/span><span style=\"color:rgb(88,88,90); font-family:Forum,cursive; font-size:17.6px; font-style:normal; font-variant-ligatures:normal; font-variant-caps:normal; font-weight:400; letter-spacing:normal; orphans:2text-indent:0px; text-transform:none; white-space:normal; widows:2; word-spacing:0px; -webkit-text-stroke-width:0px; background-color:rgb(255,255,255); text-decoration-style:initial; text-decoration-color:initial; display:inline!important; float:none; text-align:left;\"><span>\u00a0<\/span>est un des principaux sites d&rsquo;apolog\u00e9tique chr\u00e9tienne en francophonie, caract\u00e9ris\u00e9 par des vid\u00e9os courtes cumulant des centaines de milliers de visionnages, et des articles sur des sujets vari\u00e9s pour expliquer au curieux comme au sp\u00e9cialiste que \u00ab\u00a0Oui, Dieu existe r\u00e9ellement\u00a0!\u00a0\u00bb <\/span><h3><span class=\"gras mauve\" style=\"font-weight:bold; font-size:1.2em; line-height:normal; color:rgb(208,139,114); font-family:Forum,cursive; font-style:normal; font-variant-ligatures:normal; font-variant-caps:normal; letter-spacing:normal; orphans:2text-indent:0px; text-transform:none; white-space:normal; widows:2; word-spacing:0px; -webkit-text-stroke-width:0px; background-color:rgb(255,255,255); text-decoration-style:initial; text-decoration-color:initial; text-align:left;\">&gt;&gt;&gt;&gt;<span>\u00a0<\/span><\/span><a class=\"infop2\" style=\"text-decoration: underline; font-family: Forum, cursive; color: rgb(208, 139, 114); font-size: 0.9em; font-weight: bold; font-style: normal; font-variant-ligatures: normal; font-variant-caps: normal; letter-spacing: normal; orphans: 2; text-align: left; text-indent: 0px; text-transform: none; white-space: normal; widows: 2; word-spacing: 0px; -webkit-text-stroke-width: 0px; background-color: rgb(255, 255, 255);\" href=\"http:\/\/oui-dieu-existe.fr\/\" target=\"_blank\" rel=\"noopener noreferrer\">dieu-existe.fr<\/a><\/h3><hr \/><h2>\u0152uvres associ\u00e9es<\/h2><p>\u00a0<\/p><h3><strong>Premier congr\u00e8s national Bible &amp; Science 2019<\/strong><\/h3><p>B&amp;SD a coorganis\u00e9 avec nombre de partenaires son premier congr\u00e8s national Bible &amp; Science portant sur la question des origines dans les locaux de la Porte Ouverte de Mulhouse du 25 au 27 octobre 2019. Le g\u00e9n\u00e9ticien de r\u00e9putation mondiale John Sanford \u00e9tait l&rsquo;invit\u00e9 d&rsquo;honneur, accompagn\u00e9 de 7 autres orateurs.<br>Ce congr\u00e8s a \u00e9t\u00e9 un grand succ\u00e8s et a montr\u00e9 le niveau d&rsquo;int\u00e9r\u00eat que suscite la question de l&rsquo;\u00e9volution. Lire le compte rendu de ce congr\u00e8s <a href=\"https:\/\/bibleetsciencediffusion.org\/index.php\/accueil\/\">ici<\/a>.<\/p><h3><span class=\"gras mauve\" style=\"font-weight:bold; font-size:1.2em; line-height:normal; color:#d08b72; font-family:Forum,cursive; font-style:normal; font-variant-ligatures:normal; font-variant-caps:normal; letter-spacing:normal; orphans:2text-indent:0px; text-transform:none; white-space:normal; widows:2; word-spacing:0px; -webkit-text-stroke-width:0px; background-color:#ffffff; text-decoration-style:initial; text-decoration-color:initial; text-align:left;\">&gt;&gt;&gt;&gt;\u00a0<\/span><a href=\"http:\/\/www.congres-bible-et-science.fr\/\" target=\"_blank\" rel=\"noopener noreferrer\">congres-bible-et-science.fr<\/a><\/h3><p><img loading=\"lazy\" decoding=\"async\" class=\"alignnone wp-image-4924 size-full\" src=\"https:\/\/bibleetsciencediffusion.org\/wp-content\/uploads\/2019\/12\/logoEditionsLaLumiere-2.png\" alt=\"\" width=\"186\" height=\"25\" data-temp-aztec-id=\"f629e780-b074-4ca1-a1dc-b0d100950c61\" \/><\/p><p>Les Editions La Lumi\u00e8re sont une maison de publication chr\u00e9tienne fond\u00e9e en 2009, partenaire de Bible &amp; Science Diffusion dont elle publie les ressources apolog\u00e9tiques.\u00a0Elles ont pour vision et objectif l&rsquo;exaltation et la glorification de J\u00e9sus-Christ, l&rsquo;Agneau de Dieu si pr\u00e9cieux et si digne d&rsquo;adoration, seule Lumi\u00e8re des si\u00e8cles pouvant \u00e9clairer le pays du si\u00e8cle des Lumi\u00e8res.<\/p> <p>Deux collections existent. L&rsquo;une, \u00ab\u00a0R\u00e9veil\u00a0\u00bb, est consacr\u00e9e aux publications de r\u00e9veil. L&rsquo;autre, \u00ab\u00a0R\u00e9forme\u00a0\u00bb, poursuit l\u2019objectif de r\u00e9tablir une vision holistique du monde et une th\u00e9ologie exclusivement chr\u00e9tiennes.<\/p> <p>S&rsquo;enracinant dans la grande nu\u00e9e des t\u00e9moins de la foi qui nous ont pr\u00e9c\u00e9d\u00e9s \u00e0 travers l&rsquo;histoire, dans toute la tradition proph\u00e9tique et apostolique et dans l&rsquo;h\u00e9ritage spirituel de la R\u00e9formation\u00a0protestante, notre particularit\u00e9 est de tendre vers la catholicit\u00e9 de la foi, en sondant et communiquant la somme de l&rsquo;Ecriture sainte, l&rsquo;Evangile et la Loi r\u00e9unis.<\/p> <p><strong>&gt;&gt;&gt;&gt;<\/strong> <strong>\u00a0<\/strong><a href=\"http:\/\/www.editions-lalumiere.fr\/\">editions-lalumiere.fr<\/a><\/p> <figure class=\"wp-block-image size-large is-resized\"><img loading=\"lazy\" decoding=\"async\" class=\"wp-image-5068\" src=\"https:\/\/i1.wp.com\/bibleetsciencediffusion.org\/wp-content\/uploads\/2019\/12\/banniereSatelight_Facebook-reduced.png?fit=1024%2C362&#038;ssl=1\" alt=\"\" width=\"318\" height=\"112\" srcset=\"https:\/\/bibleetsciencediffusion.org\/wp-content\/uploads\/2019\/12\/banniereSatelight_Facebook-reduced.png 1212w, https:\/\/bibleetsciencediffusion.org\/wp-content\/uploads\/2019\/12\/banniereSatelight_Facebook-reduced-300x106.png 300w, https:\/\/bibleetsciencediffusion.org\/wp-content\/uploads\/2019\/12\/banniereSatelight_Facebook-reduced-1024x362.png 1024w, https:\/\/bibleetsciencediffusion.org\/wp-content\/uploads\/2019\/12\/banniereSatelight_Facebook-reduced-768x272.png 768w, https:\/\/bibleetsciencediffusion.org\/wp-content\/uploads\/2019\/12\/banniereSatelight_Facebook-reduced-600x212.png 600w\" sizes=\"auto, (max-width: 318px) 100vw, 318px\" \/><\/figure> <p><strong>Satelight<\/strong> est une soci\u00e9t\u00e9 de traduction anglais\/fran\u00e7ais professionnelle multidisciplinaire sp\u00e9cialis\u00e9e dans la documentation technique, les articles et ouvrages scientifiques de niveau acad\u00e9mique, ainsi que les ouvrages philosophiques et th\u00e9ologiques. Forte d\u2019une exp\u00e9rience de 18 ans dans la traduction de l\u2019anglais vers le fran\u00e7ais, l\u2019\u00e9dition et la gestion de projets de traduction d\u2019ouvrages de grande envergure d\u2019auteurs anglo-saxons de renomm\u00e9e internationale, la soci\u00e9t\u00e9 a fini par se constituer en mars 2017 afin d\u2019offrir ses services et ses talents rares et recherch\u00e9s, combinant rigueur, culture, passion de l\u2019\u00e9criture, finesse et ma\u00eetrise linguistiques.<\/p> <p><strong>&gt;&gt;&gt;&gt;<\/strong> <a href=\"http:\/\/satelight.fr\/\">satelight.fr<\/a><\/p>","protected":false},"excerpt":{"rendered":"<p>Partenaires VX-COM International VX-COM International est \u00e0 la base une soci\u00e9t\u00e9 de production audio-visuelle cr\u00e9\u00e9e en 1990 et comptant \u00e0&hellip;<\/p>\n","protected":false},"author":7,"featured_media":0,"parent":0,"menu_order":0,"comment_status":"closed","ping_status":"closed","template":"","meta":{"jetpack_post_was_ever_published":false,"footnotes":""},"class_list":["post-4861","page","type-page","status-publish","hentry"],"jetpack_sharing_enabled":true,"jetpack_shortlink":"https:\/\/wp.me\/Pbu0ZL-1gp","_links":{"self":[{"href":"https:\/\/bibleetsciencediffusion.org\/index.php\/wp-json\/wp\/v2\/pages\/4861","targetHints":{"allow":["GET"]}}],"collection":[{"href":"https:\/\/bibleetsciencediffusion.org\/index.php\/wp-json\/wp\/v2\/pages"}],"about":[{"href":"https:\/\/bibleetsciencediffusion.org\/index.php\/wp-json\/wp\/v2\/types\/page"}],"author":[{"embeddable":true,"href":"https:\/\/bibleetsciencediffusion.org\/index.php\/wp-json\/wp\/v2\/users\/7"}],"replies":[{"embeddable":true,"href":"https:\/\/bibleetsciencediffusion.org\/index.php\/wp-json\/wp\/v2\/comments?post=4861"}],"version-history":[{"count":13,"href":"https:\/\/bibleetsciencediffusion.org\/index.php\/wp-json\/wp\/v2\/pages\/4861\/revisions"}],"predecessor-version":[{"id":10619,"href":"https:\/\/bibleetsciencediffusion.org\/index.php\/wp-json\/wp\/v2\/pages\/4861\/revisions\/10619"}],"wp:attachment":[{"href":"https:\/\/bibleetsciencediffusion.org\/index.php\/wp-json\/wp\/v2\/media?parent=4861"}],"curies":[{"name":"wp","href":"https:\/\/api.w.org\/{rel}","templated":true}]}}