{"id":183,"date":"2015-12-30T05:28:37","date_gmt":"2015-12-30T04:28:37","guid":{"rendered":"http:\/\/www.cepmontreuil.fr\/apologetique\/?post_type=product&#038;p=183"},"modified":"2019-12-11T07:34:22","modified_gmt":"2019-12-11T06:34:22","slug":"verite-totale-de-nancy-pearcey","status":"publish","type":"product","link":"https:\/\/bibleetsciencediffusion.org\/index.php\/produit\/verite-totale-de-nancy-pearcey\/","title":{"rendered":"V\u00e9rit\u00e9 totale de Nancy Pearcey"},"content":{"rendered":"<p><strong>DIEU<\/strong> est-Il une figure publique ? Dieu appartient-Il \u00e0 l\u2019ar\u00e8ne publique de la\u00a0 politique, des affaires, de la loi et de l\u2019\u00e9ducation ? Ou bien les partisans de la la\u00efcit\u00e9 ont-ils raison quand ils rel\u00e8guent le christianisme \u00e0 la stricte sph\u00e8re priv\u00e9e de la foi et des sentiments ?<br \/>\nDans <em>V\u00e9rit\u00e9 totale,<\/em> Nancy Pearcey offre une\u00a0 analyse pointue de la dichotomie public\/priv\u00e9, en\u00a0 expliquant pourquoi elle paralyse nos efforts pour \u0153uvrer \u00e0 un renouveau tant personnel que culturel. De mani\u00e8re ultime, cette dichotomie refl\u00e8te une division dans le concept de la\u00a0 v\u00e9rit\u00e9 elle-m\u00eame, division qui fonctionne comme un gardien qui \u00e9vacue les\u00a0 principes chr\u00e9tiens hors des limites de l\u2019ar\u00e8ne publique. Comment pouvons-nous unifier nos vies fragment\u00e9es et retrouver la puissance\u00a0 spirituelle ? Avec de nombreux exemples emprunt\u00e9s \u00e0 la vie de personnes r\u00e9elles, pass\u00e9es et pr\u00e9sentes, Nancy Pearcey enseigne comment le\u00a0 christianisme peut \u00eatre lib\u00e9r\u00e9 de sa captivit\u00e9 culturelle. <em>V\u00e9rit\u00e9 totale<\/em> emm\u00e8ne pas \u00e0 pas les lecteurs dans une approche pratique leur\u00a0 permettant de fa\u00e7onner une vision du monde chr\u00e9tienne int\u00e9grale. En\u00a0 d\u00e9finitive, elle pr\u00e9sente une d\u00e9fense passionn\u00e9e de la v\u00e9rit\u00e9 de que le\u00a0 christianisme n\u2019est pas seulement une v\u00e9rit\u00e9 religieuse, mais la v\u00e9rit\u00e9 \u00e0 propos\u00a0 de la totalit\u00e9 de la r\u00e9alit\u00e9. C\u2019est la v\u00e9rit\u00e9 totale.<\/p>\n<hr \/>\n<h3>A propos de Nancy Pearcey<\/h3>\n<div id=\"attachment_5013\" style=\"width: 160px\" class=\"wp-caption alignleft\"><img loading=\"lazy\" decoding=\"async\" aria-describedby=\"caption-attachment-5013\" class=\"wp-image-5013 size-thumbnail\" src=\"https:\/\/bibleetsciencediffusion.org\/wp-content\/uploads\/2015\/12\/NancyPearcey-150x150.jpg\" alt=\"\" width=\"150\" height=\"150\" srcset=\"https:\/\/bibleetsciencediffusion.org\/wp-content\/uploads\/2015\/12\/NancyPearcey-150x150.jpg 150w, https:\/\/bibleetsciencediffusion.org\/wp-content\/uploads\/2015\/12\/NancyPearcey-300x300.jpg 300w, https:\/\/bibleetsciencediffusion.org\/wp-content\/uploads\/2015\/12\/NancyPearcey-100x100.jpg 100w\" sizes=\"auto, (max-width: 150px) 100vw, 150px\" \/><p id=\"caption-attachment-5013\" class=\"wp-caption-text\">Nancy Pearcey<\/p><\/div>\n<p>Nancy Rodolphe Pearcey est actuellement membre principal du Centre\u00a0pour la Science et la culture de l\u2019Institut Discovery, o\u00f9 son travail se focalise\u00a0sur les implications culturelles et philosophiques de la controverse sur\u00a0l\u2019\u00e9volution. Elle est \u00e9galement professeur d\u2019apolog\u00e9tique et chercheuse en\u00a0r\u00e9sidence \u00e0 l\u2019Universit\u00e9 Baptiste de Houston, o\u00f9 elle est directrice du Centre\u00a0Francis Schaeffer pour la Vision du monde et la Culture.\u00a0 Elle est r\u00e9dactrice\u00a0en chef du Pearcey Report (<a href=\"http:\/\/www.pearceyreport.com\/\">www.pearceyreport.com<\/a>). Elle a \u00e9t\u00e9 dans le pass\u00e9\u00a0professeur invit\u00e9 \u00e0 l\u2019Institut Torrey Honors de l\u2019Universit\u00e9 Biola, chercheuse\u00a0\u00e0 la chaire de Francis A. Schaeffer \u00e0 l\u2019Institut World Journalism, o\u00f9 elle enseignait un cours sur les visions du monde bas\u00e9 sur l\u2019\u00e9dition \u201cGuide\u00a0d\u2019\u00e9tude\u201d de <em>V\u00e9rit\u00e9 totale<\/em>. \u00a0Apr\u00e8s avoir obtenu sa Licence d\u2019Etudes Distribu\u00e9es\u00a0(philosophie, allemand et musique) de l\u2019Universit\u00e9 d\u2019Etat de l\u2019Iowa, elle a\u00a0obtenu un Master d\u2019Etudes Bibliques du s\u00e9minaire th\u00e9ologique Covenant \u00e0\u00a0Saint Louis. Elle a ensuite entrepris un travail de recherche de troisi\u00e8me cycle\u00a0plus pouss\u00e9 en histoire de la philosophie \u00e0 l\u2019Institut pour les Etudes\u00a0Chr\u00e9tiennes \u00e0 Toronto (\u00e0 dominante philosophies antique et r\u00e9form\u00e9e). \u00a0En 1991, elle est devenue l\u2019\u00e9diteur fondateur de \u201cBreakPoint,\u201d une\u00a0 \u00e9mission de radio nationale de commentaires quotidiens, dont elle occuperait\u00a0par la suite la charge d\u2019\u00e9diteur ex\u00e9cutif. Elle a aussi \u00e9t\u00e9 directrice de strat\u00e9gie et membre principal du\u00a0Forum Wilberforce et a \u00e9t\u00e9 coauteur avec Chuck Colson, pendant sept\u00a0ann\u00e9es, d\u2019une chronique mensuelle dans la revue <em>Christianity Today<\/em>. \u00a0Nancy Pearcey a \u00e9t\u00e9 reconnue comme \u201cl\u2019une des rares femmes intellectuelles\u00a0du courant \u00e9vang\u00e9lique\u201d (<em>The Evangelical Outpost<\/em>).<\/p>\n<p>Pour plus de d\u00e9tails sur <em>V\u00e9rit\u00e9 totale<\/em>, cf. <a href=\"http:\/\/verite.totale.free.fr\">http:\/\/verite.totale.free.fr.<\/a><\/p>\n","protected":false},"excerpt":{"rendered":"<p>Ce livre traite du sujet de la vision du monde, en suivant et poursuivant l&rsquo;analyse philosophique et th\u00e9ologique de Francis Schaeffer, par le biais duquel Nancy Schaeffer a trouv\u00e9 le Seigneur.<br \/>\nLe livre offre une perspective diff\u00e9rente et compl\u00e9mentaire du traitement (trop souvent exclusivement) technique et scientifique.<\/p>\n<p>L&rsquo;ouvrage original en anglais<em> Total Truth<\/em>, en 2005, a remport\u00e9 le Prix\u00a0de la M\u00e9daille d\u2019Or ECPA dans la cat\u00e9gorie Christianisme et Soci\u00e9t\u00e9, en plus\u00a0d\u2019un Prix du M\u00e9rite parmi les prix de la revue <em>Christianity Today<\/em>.<\/p>\n<p>Pearcey, Nancy (2015) <em>V\u00e9rit\u00e9 totale. Le christianisme lib\u00e9r\u00e9 de sa captivit\u00e9 culturelle.<\/em> Le S\u00e9questre : Editions La Lumi\u00e8re. Premi\u00e8re \u00e9dition. Collection R\u00e9forme, vol. n\u00b0 3. 610 pages. ISBN : 978-2-9538885-6-0.<\/p>\n<p>&nbsp;<\/p>\n","protected":false},"featured_media":5019,"comment_status":"closed","ping_status":"closed","template":"","meta":[],"product_cat":[69,71,72],"product_tag":[64],"class_list":["post-183","product","type-product","status-publish","has-post-thumbnail","hentry","product_cat-apologetique","product_cat-societe","product_cat-theologie","product_tag-laicite"],"jetpack_sharing_enabled":true,"_links":{"self":[{"href":"https:\/\/bibleetsciencediffusion.org\/index.php\/wp-json\/wp\/v2\/product\/183","targetHints":{"allow":["GET"]}}],"collection":[{"href":"https:\/\/bibleetsciencediffusion.org\/index.php\/wp-json\/wp\/v2\/product"}],"about":[{"href":"https:\/\/bibleetsciencediffusion.org\/index.php\/wp-json\/wp\/v2\/types\/product"}],"replies":[{"embeddable":true,"href":"https:\/\/bibleetsciencediffusion.org\/index.php\/wp-json\/wp\/v2\/comments?post=183"}],"wp:featuredmedia":[{"embeddable":true,"href":"https:\/\/bibleetsciencediffusion.org\/index.php\/wp-json\/wp\/v2\/media\/5019"}],"wp:attachment":[{"href":"https:\/\/bibleetsciencediffusion.org\/index.php\/wp-json\/wp\/v2\/media?parent=183"}],"wp:term":[{"taxonomy":"product_cat","embeddable":true,"href":"https:\/\/bibleetsciencediffusion.org\/index.php\/wp-json\/wp\/v2\/product_cat?post=183"},{"taxonomy":"product_tag","embeddable":true,"href":"https:\/\/bibleetsciencediffusion.org\/index.php\/wp-json\/wp\/v2\/product_tag?post=183"}],"curies":[{"name":"wp","href":"https:\/\/api.w.org\/{rel}","templated":true}]}}