{"id":205,"date":"2015-12-30T12:47:48","date_gmt":"2015-12-30T11:47:48","guid":{"rendered":"http:\/\/apologetique.cepmontreuil.fr\/?post_type=product&#038;p=205"},"modified":"2020-02-18T22:38:35","modified_gmt":"2020-02-18T21:38:35","slug":"205","status":"publish","type":"product","link":"https:\/\/bibleetsciencediffusion.org\/index.php\/produit\/205\/","title":{"rendered":"La doctrine biblique de la cr\u00e9ation et le dessein intelligent de Douglas Kelly"},"content":{"rendered":"<p><strong>CE LIVRE<\/strong> \u00e9tait avidement attendu en France. Il fera, c\u2019est certain, l\u2019effet d\u2019une source d\u2019eau rafra\u00eechissante en plein milieu des d\u00e9serts intellectuels du rationalisme et du scientisme, et de la pens\u00e9e th\u00e9ologique lib\u00e9rale et \u00e9volutionniste.<br \/>\nLa question des origines, si elle fait d\u00e9bat depuis plus d\u2019un demi-si\u00e8cle dans les pays anglo-saxons, et a stimul\u00e9 de vives et \u00e2pres discussions scientifiques qui, par ricochet, ont conduit les \u00e9rudits, th\u00e9ologiens et ex\u00e9g\u00e8tes bibliques \u00e0 approfondir comme jamais l\u2019\u00e9tude des Saintes Ecritures, a suscit\u00e9, en revanche, bien peu d\u2019\u00e9cho g\u00e9n\u00e9ralement dans l\u2019\u00c9glise fran\u00e7aise.<br \/>\nLes seules voix qui se soient lev\u00e9es dans l\u2019\u00c9glise fran\u00e7aise ont \u00e9t\u00e9 promptes, h\u00e9las, \u00e0 embrasser, sans r\u00e9serve et sans discernement, la th\u00e9orie de l\u2019\u00e9volution et les autres th\u00e9ories conventionnelles des origines.<br \/>\nL\u2019affaire semblait entendue\u00a0et close : la Gen\u00e8se ne pr\u00e9senterait pas un r\u00e9cit historique, chronologique et litt\u00e9ral des six jours de la cr\u00e9ation, mais ne transmettrait qu\u2019une signification spirituelle\u00a0; il fallait \u00e0 tout prix combattre le point de vue \u00ab\u00a0anti-scientifique\u00a0\u00bb insens\u00e9 des chr\u00e9tiens \u00ab\u00a0int\u00e9gristes\u00a0\u00bb qui r\u00e9cusaient, au nom de la Bible, les avanc\u00e9es et d\u00e9couvertes scientifiques modernes, et jetaient l\u2019opprobre sur toute la communaut\u00e9 chr\u00e9tienne, en refaisant le proc\u00e8s de Galil\u00e9e.<br \/>\nDans le m\u00eame temps, de puissants \u00e9crits th\u00e9ologiques furent produits dans l\u2019\u00c9glise anglo-saxonne, r\u00e9affirmant sans concession l\u2019autorit\u00e9 des Saintes Ecritures au-dessus de la pens\u00e9e et de la raison humaines, m\u00eame dans les sciences, lan\u00e7ant ainsi comme d\u00e9fi \u00e0 l\u2019\u00c9glise, et en particulier aux th\u00e9ologiens et aux scientifiques chr\u00e9tiens, de prendre au mot la Parole r\u00e9v\u00e9l\u00e9e.<br \/>\nLe pr\u00e9sent ouvrage du Dr Douglas Kelly, <em>La doctrine biblique de la cr\u00e9ation et le dessein intelligent\u00a0: Gen\u00e8se 1:1 \u2013 2:4 \u00e0 la lumi\u00e8re du changement des paradigmes scientifiques<\/em>, fait incontestablement partie de ces \u00e9crits caract\u00e9ris\u00e9s par la pr\u00e9cision et la rigueur ex\u00e9g\u00e9tiques et l\u2019absolue confiance dans la supr\u00eame importance de la doctrine de la cr\u00e9ation, \u00ab\u00a0t\u00eate de la philosophie divine\u00a0\u00bb.<br \/>\nPour le public chr\u00e9tien francophone, une image plus nette de la gloire de Dieu \u00e9mergera enfin, et illuminera sa vision de tout l\u2019univers et des desseins de Dieu, des origines jusqu\u2019\u00e0 la consommation finale. Nous croyons, avec le Dr Douglas Kelly, que lorsque cela se produira, s\u2019enclenchera comme un renouveau\u00a0:<\/p>\n<blockquote><p><em>\u00ab\u00a0Au moment o\u00f9 notre sch\u00e9ma de pens\u00e9e s\u2019accorde \u00e0 nouveau avec la v\u00e9rit\u00e9 de l\u2019\u00c9criture Sainte, le psalmiste nous promet que \u00ab par ta lumi\u00e8re nous voyons la lumi\u00e8re \u00bb (Psaumes 36:10). Ainsi, tout un monde de nouvelles d\u00e9couvertes, d\u2019interconnexions et de surprenantes significations s\u2019ouvre devant nous, dans les sph\u00e8res de la culture et de la science. Cette r\u00e9jouissante progression rappellera peut-\u00eatre un peu l\u2019\u00e9panouissement d\u2019une fleur magnifique. Ce sera un renouvellement de la vie morale et culturelle, lorsque des millions de gens qui vivent actuellement comme des moribonds dans le m\u00eame s\u00e9cularisme en d\u00e9composition que celui de l\u2019ancien Empire romain, seront comme lui lib\u00e9r\u00e9s par une puissante vague de r\u00e9surrection. La r\u00e9surrection spirituelle, morale et culturelle \u00e9tait, \u00e0 cette \u00e9poque, devenue possible en sortant les hommes de l\u2019aveuglement d\u00fb \u00e0 l\u2019immersion exclusive dans un syst\u00e8me de pens\u00e9e s\u00e9culier; leurs yeux s\u2019\u00e9taient alors tourn\u00e9s vers les v\u00e9ritables desseins du Cr\u00e9ateur-R\u00e9dempteur.\u00a0\u00bb<\/em> (pp. 253-254.)<\/p><\/blockquote>\n<h3><strong>Quelques commentaires sur le livre <\/strong><\/h3>\n<p style=\"text-align: right;\">\u00ab\u00a0Une prise de position tr\u00e8s intelligente avec ces versets cruciaux par lesquels Dieu Lui-m\u00eame se manifeste comme un Dieu qui parle, qui est notre Cr\u00e9ateur. La discussion est savante mais accessible, un mod\u00e8le du genre de r\u00e9flexion ex\u00e9g\u00e9tique dont l\u2019\u00c9glise d\u2019aujourd\u2019hui a besoin.\u00a0\u00bb<br \/>\nNigel M. de S. Cameron, doyen de la Wilberforce Forum, Reston, Virginie, \u00c9tats-Unis; Pr\u00e9sident ex\u00e9cutif, Centre de Bio\u00e9thique et de Politique Publique, Londres, Angleterre.<\/p>\n<p style=\"text-align: right;\">\u00ab\u00a0Douglas Kelly est un th\u00e9ologien qui affiche \u00e9galement une compr\u00e9hension profonde de la science et de la philosophie. Le r\u00e9sultat en est ce livre r\u00e9fl\u00e9chi, approfondi et bien document\u00e9 qui sera utile \u00e0 tous ceux qui souhaitent aller plus loin. Je recommande fortement Creation and Change.\u00a0\u00bb<br \/>\nWalter E. Brown, Directeur du Center for Scientific Creation, Phoenix, \u00c9tats-Unis.<\/p>\n<p style=\"text-align: right;\">\u00ab\u00a0C\u2019est un excellent travail\u2026 Je crois qu\u2019il sera une contribution importante au sujet.\u00a0\u00bb.<br \/>\nJohn Currid, Professeur d\u2019Ancien Testament \u00e0 la chaire de Cari McMurray, Reformed Theological Seminary, Jackson, \u00c9tats-Unis.<\/p>\n<p style=\"text-align: right;\">\u00ab\u00a0J\u2019appr\u00e9cie beaucoup le contenu ainsi que le style de ce livre. C\u2019est le meilleur ouvrage que j\u2019aie pu lire sur ce sujet. Les d\u00e9clarations de l\u2019auteur concernant le r\u00f4le de la foi dans la science sont tr\u00e8s importantes; le sujet est souvent mal compris. En ce qui concerne l\u2019ex\u00e9g\u00e8se du texte biblique, j\u2019esp\u00e8re que la voix courageuse de Douglas Kelly sera \u00e9cout\u00e9e.\u00a0\u00bb<br \/>\nFrederick N. Skiff, Professeur de Physique, Universit\u00e9 d\u2019Iowa, \u00c9tats-Unis.<\/p>\n<p>&nbsp;<\/p>\n<h3 style=\"text-align: left;\">A propos de Douglas Kelly<\/h3>\n<div id=\"attachment_5008\" style=\"width: 160px\" class=\"wp-caption alignleft\"><img loading=\"lazy\" decoding=\"async\" aria-describedby=\"caption-attachment-5008\" class=\"size-thumbnail wp-image-5008\" src=\"https:\/\/bibleetsciencediffusion.org\/wp-content\/uploads\/2015\/12\/douglaskelly_id-150x150.jpg\" alt=\"\" width=\"150\" height=\"150\" srcset=\"https:\/\/bibleetsciencediffusion.org\/wp-content\/uploads\/2015\/12\/douglaskelly_id-150x150.jpg 150w, https:\/\/bibleetsciencediffusion.org\/wp-content\/uploads\/2015\/12\/douglaskelly_id-100x100.jpg 100w\" sizes=\"auto, (max-width: 150px) 100vw, 150px\" \/><p id=\"caption-attachment-5008\" class=\"wp-caption-text\">Dr Douglas F. Kelly<\/p><\/div>\n<p>Douglas F. Kelly est professeur de Th\u00e9ologie Syst\u00e9matique \u00e0 la Facult\u00e9 Th\u00e9ologique R\u00e9form\u00e9e de Charlotte, en Caroline du Nord, aux \u00c9tats-Unis. Ayant \u00e9tudi\u00e9 en France, en Ecosse et en Am\u00e9rique, c\u2019est un \u00e9rudit qui est demand\u00e9 dans le monde entier pour tenir des conf\u00e9rences. C\u2019est \u00e9galement un auteur reconnu. Il est \u00e9galement l\u2019auteur du livre <em>If God already Knows &#8211; Why Pray?<\/em><\/p>\n","protected":false},"excerpt":{"rendered":"<p>Dans ce livre, le professeur Douglas Kelly soutient de mani\u00e8re convaincante une interpr\u00e9tation litt\u00e9rale du r\u00e9cit des sept jours de la Cr\u00e9ation dans Gen\u00e8se, chapitres 1 et 2. Il \u00e9value \u00e0 la fois les d\u00e9tails bibliques et les donn\u00e9es scientifiques pour montrer qu\u2019il existe des arguments convaincants en faveur de cette compr\u00e9hension du texte et comment elle est scientifiquement viable. Le pr\u00e9sent ouvrage du Dr Douglas Kelly fait incontestablement partie de ces \u00e9crits caract\u00e9ris\u00e9s par la pr\u00e9cision et la rigueur ex\u00e9g\u00e9tiques et l&rsquo;absolue confiance dans la supr\u00eame importance de la doctrine de la cr\u00e9ation, \u00ab t\u00eate de la philosophie divine \u00bb.<\/p>\n<p>Pour le public chr\u00e9tien francophone, une image plus nette de la gloire de Dieu \u00e9mergera enfin, et illuminera sa vision de tout l&rsquo;univers et des desseins de Dieu, depuis les origines jusqu&rsquo;\u00e0\u00a0 la consommation finale.<\/p>\n<p>Kelly, Douglas (2011)<em> La doctrine biblique de la cr\u00e9ation et le dessein intelligent. Gen\u00e8se 1:1 &#8211; 2:4 \u00e0 la lumi\u00e8re du changement des paradigmes scientifiques.<\/em> Villefranche d&rsquo;Albigeois : <span style=\"display: inline !important; float: none; background-color: #ffffff; color: #333333; cursor: text; font-family: -apple-system,BlinkMacSystemFont,'Segoe UI',Roboto,Oxygen-Sans,Ubuntu,Cantarell,'Helvetica Neue',sans-serif; font-size: 16px; font-style: normal; font-variant: normal; font-weight: 400; letter-spacing: normal; orphans: 2; text-align: left; text-decoration: none; text-indent: 0px; text-transform: none; -webkit-text-stroke-width: 0px; white-space: normal; word-spacing: 0px;\">Editions La Lumi\u00e8re. Premi\u00e8re \u00e9dition, collection R\u00e9forme, vol. n\u00b0 1. 270 pages. ISBN : 978-2-9538885-0-8. <\/span><\/p>\n","protected":false},"featured_media":5009,"comment_status":"closed","ping_status":"closed","template":"","meta":{"jetpack_post_was_ever_published":false},"product_cat":[69,72],"product_tag":[],"class_list":["post-205","product","type-product","status-publish","has-post-thumbnail","hentry","product_cat-apologetique","product_cat-theologie"],"jetpack_sharing_enabled":true,"_links":{"self":[{"href":"https:\/\/bibleetsciencediffusion.org\/index.php\/wp-json\/wp\/v2\/product\/205","targetHints":{"allow":["GET"]}}],"collection":[{"href":"https:\/\/bibleetsciencediffusion.org\/index.php\/wp-json\/wp\/v2\/product"}],"about":[{"href":"https:\/\/bibleetsciencediffusion.org\/index.php\/wp-json\/wp\/v2\/types\/product"}],"replies":[{"embeddable":true,"href":"https:\/\/bibleetsciencediffusion.org\/index.php\/wp-json\/wp\/v2\/comments?post=205"}],"wp:featuredmedia":[{"embeddable":true,"href":"https:\/\/bibleetsciencediffusion.org\/index.php\/wp-json\/wp\/v2\/media\/5009"}],"wp:attachment":[{"href":"https:\/\/bibleetsciencediffusion.org\/index.php\/wp-json\/wp\/v2\/media?parent=205"}],"wp:term":[{"taxonomy":"product_cat","embeddable":true,"href":"https:\/\/bibleetsciencediffusion.org\/index.php\/wp-json\/wp\/v2\/product_cat?post=205"},{"taxonomy":"product_tag","embeddable":true,"href":"https:\/\/bibleetsciencediffusion.org\/index.php\/wp-json\/wp\/v2\/product_tag?post=205"}],"curies":[{"name":"wp","href":"https:\/\/api.w.org\/{rel}","templated":true}]}}