{"id":214,"date":"2015-12-31T10:28:34","date_gmt":"2015-12-31T09:28:34","guid":{"rendered":"http:\/\/apologetique.cepmontreuil.fr\/?post_type=product&#038;p=214"},"modified":"2019-12-10T12:48:44","modified_gmt":"2019-12-10T11:48:44","slug":"demission-de-la-raison-de-francis-schaeffer","status":"publish","type":"product","link":"https:\/\/bibleetsciencediffusion.org\/index.php\/produit\/demission-de-la-raison-de-francis-schaeffer\/","title":{"rendered":"D\u00e9mission de la raison de Francis Schaeffer"},"content":{"rendered":"<h3><strong>Recension de <a href=\"http:\/\/www.samizdat.qc.ca\/ebooks\">Paul Gosselin<\/a><\/strong><\/h3>\n<p><em>D\u00e9mission de la raison <\/em>explore la pens\u00e9e philosophique du XXe si\u00e8cle. C\u2019est n\u2019est pas un gros ouvrage et l&rsquo;on peut le consid\u00e9rer comme une excellente introduction \u00e0 la philosophie occidentale, un peu comme des notes de cours d\u2019un professeur qui ma\u00eetrise depuis tr\u00e8s longtemps sa mati\u00e8re. Schaeffer est l&rsquo;un des rares \u00e9vang\u00e9liques qui a combattu cette pens\u00e9e mat\u00e9rialiste triomphante et condescendante (issue du si\u00e8cle des Lumi\u00e8res) qui a domin\u00e9 le milieu du XXe si\u00e8cle (et qui a aussi p\u00e9n\u00e9tr\u00e9 la pens\u00e9e chr\u00e9tienne). La pens\u00e9e de Schaeffer a caus\u00e9 un choc aux \u00e9vang\u00e9liques de sa g\u00e9n\u00e9ration, marqu\u00e9s par le pi\u00e9tisme et pour qui l\u2019expression artistique et culturelle \u00e9tait, \u00e0 peu de choses pr\u00e8s, inutile (\u00e0 moins de pouvoir l\u2019exploiter pour des fins d\u2019\u00e9vang\u00e9lisation) car appartenant \u201cau monde\u201d. Schaeffer n\u2019\u00e9tait pas de cet avis l\u00e0.<br clear=\"none\" \/><br clear=\"none\" \/>Ce qu\u2019il y a de particulier dans cet ouvrage, c\u2019est que Schaeffer examine aussi l\u2019influence de la philosophie sur les arts. En effet, les syst\u00e8mes id\u00e9ologico-religieux dominants ont toujours un effet sur l\u2019expression artistique et culturelle. C\u2019est in\u00e9vitable. Et les \u00e9vang\u00e9liques n\u2019y \u00e9chappent pas non plus. Si, comme c\u2019est mon avis, une th\u00e9ologie superficielle domine la pr\u00e9dication dans une g\u00e9n\u00e9ration de chr\u00e9tiens, in\u00e9vitablement cela se refl\u00e9tera dans la culture produite par cette g\u00e9n\u00e9ration.<br clear=\"none\" \/><br clear=\"none\" \/>Ce texte de <em>D\u00e9mission de la raison<\/em> est tir\u00e9 du site Croixsens.net :\u00a0<a href=\"http:\/\/www.croixsens.net\/livres\/schaeffer.php\" target=\"_blank\" rel=\"noopener noreferrer\" shape=\"rect\">http:\/\/www.croixsens.net\/livres\/schaeffer.php<\/a>.<br clear=\"none\" \/><br clear=\"none\" \/>La version papier du livre est disponible chez La Maison de la Bible, Gen\u00e8ve :\u00a0<a href=\"http:\/\/www.maisonbible.net\/mb3262\/demission-de-la-raison\" target=\"_blank\" rel=\"noopener noreferrer\" shape=\"rect\">http:\/\/www.maisonbible.net\/mb3262\/demission-de-la-raison<\/a>.<\/p>\n<hr \/>\n<h3>A propos de Francis Schaeffer<\/h3>\n<div id=\"attachment_5021\" style=\"width: 160px\" class=\"wp-caption alignleft\"><img loading=\"lazy\" decoding=\"async\" aria-describedby=\"caption-attachment-5021\" class=\"size-thumbnail wp-image-5021\" src=\"https:\/\/bibleetsciencediffusion.org\/wp-content\/uploads\/2015\/12\/francisschaeffer_id-150x150.jpg\" alt=\"\" width=\"150\" height=\"150\" srcset=\"https:\/\/bibleetsciencediffusion.org\/wp-content\/uploads\/2015\/12\/francisschaeffer_id-150x150.jpg 150w, https:\/\/bibleetsciencediffusion.org\/wp-content\/uploads\/2015\/12\/francisschaeffer_id-300x300.jpg 300w, https:\/\/bibleetsciencediffusion.org\/wp-content\/uploads\/2015\/12\/francisschaeffer_id-100x100.jpg 100w\" sizes=\"auto, (max-width: 150px) 100vw, 150px\" \/><p id=\"caption-attachment-5021\" class=\"wp-caption-text\">Francis Schaeffer<\/p><\/div>\n<p>Francis Schaeffer \u00e9tait th\u00e9ologien, docteur, pasteur, penseur, conf\u00e9rencier.<br \/>\nAyant entrepris des \u00e9tudes d&rsquo;ing\u00e9nieur, il prit la d\u00e9cision de pr\u00e9parer une licence de lettres \u00e0 l&rsquo;universit\u00e9 de Hampdon Sydney (Virginie). La philosophie et la psychologie furent ses mati\u00e8res de pr\u00e9dilection. Il a fait ses \u00e9tudes au Westminster Theological Seminary et au Faith Theological Seminary (EUA). Son \u00e9pouse Edith \u00e9tait la fille de missionnaires ayant travaill\u00e9 pour la \u00ab China Inland Mission \u00bb fond\u00e9e par Hudson Taylor.\u00a0 Francis Schaeffer a exerc\u00e9 la fonction de pasteur au sein de la \u00ab Reformed Presbyterian Church \u00bb. Il est un auteur prolifique dont la plupart des manuscrits ont \u00e9t\u00e9 traduits et publi\u00e9s dans de nombreux pays.<\/p>\n<p>Source : <a href=\"http:\/\/www.xl6.com\">http:\/\/www.xl6.com.<\/a><\/p>\n","protected":false},"excerpt":{"rendered":"<p>Avec CS Lewis, Francis Schaeffer est l\u2019un des penseurs chr\u00e9tiens les plus connus du XXe si\u00e8cle. En leur temps, ces deux auteurs ont marqu\u00e9 le cheminement intellectuel que spirituel de nombreux chr\u00e9tiens. Mais dans la g\u00e9n\u00e9ration montante, peu le connaissent. Comme \u00e0 son habitude pour produire des ebooks pour Samizdat, Paul Gosselin s&rsquo;inspire, pour le choix des polices et de la mise en page, de livres publi\u00e9s du vivant de l\u2019auteur. Dans ce cas-ci, c\u2019est l\u2019\u00e9poque des ann\u00e9es 1970.<\/p>\n<p>Schaeffer, Francis (2013) <em>D\u00e9mission de la raison.<\/em> Samizdat Ebook. Texte tir\u00e9 du site Croixsens.net.<\/p>\n<p>Ebook PDF en t\u00e9l\u00e9chargement gratuit.<\/p>\n","protected":false},"featured_media":4441,"comment_status":"closed","ping_status":"closed","template":"","meta":[],"product_cat":[69,70,98],"product_tag":[],"class_list":["post-214","product","type-product","status-publish","has-post-thumbnail","hentry","product_cat-apologetique","product_cat-ebook-gratuit","product_cat-philosophie"],"jetpack_sharing_enabled":true,"_links":{"self":[{"href":"https:\/\/bibleetsciencediffusion.org\/index.php\/wp-json\/wp\/v2\/product\/214","targetHints":{"allow":["GET"]}}],"collection":[{"href":"https:\/\/bibleetsciencediffusion.org\/index.php\/wp-json\/wp\/v2\/product"}],"about":[{"href":"https:\/\/bibleetsciencediffusion.org\/index.php\/wp-json\/wp\/v2\/types\/product"}],"replies":[{"embeddable":true,"href":"https:\/\/bibleetsciencediffusion.org\/index.php\/wp-json\/wp\/v2\/comments?post=214"}],"wp:featuredmedia":[{"embeddable":true,"href":"https:\/\/bibleetsciencediffusion.org\/index.php\/wp-json\/wp\/v2\/media\/4441"}],"wp:attachment":[{"href":"https:\/\/bibleetsciencediffusion.org\/index.php\/wp-json\/wp\/v2\/media?parent=214"}],"wp:term":[{"taxonomy":"product_cat","embeddable":true,"href":"https:\/\/bibleetsciencediffusion.org\/index.php\/wp-json\/wp\/v2\/product_cat?post=214"},{"taxonomy":"product_tag","embeddable":true,"href":"https:\/\/bibleetsciencediffusion.org\/index.php\/wp-json\/wp\/v2\/product_tag?post=214"}],"curies":[{"name":"wp","href":"https:\/\/api.w.org\/{rel}","templated":true}]}}