{"id":264,"date":"2016-02-27T14:25:57","date_gmt":"2016-02-27T13:25:57","guid":{"rendered":"http:\/\/apologetique.plateformescientifique.fr\/?post_type=product&#038;p=264"},"modified":"2019-12-09T21:14:52","modified_gmt":"2019-12-09T20:14:52","slug":"nos-origines-en-questions-la-logique-de-la-creation","status":"publish","type":"product","link":"https:\/\/bibleetsciencediffusion.org\/index.php\/produit\/nos-origines-en-questions-la-logique-de-la-creation\/","title":{"rendered":"Nos origines en questions : la logique de la cr\u00e9ation"},"content":{"rendered":"<div class=\"attribute-resume\">\n<p>R\u00e9ponses aux 20 questions les plus fr\u00e9quemment pos\u00e9es sur la cr\u00e9ation, l&rsquo;\u00e9volution et le livre de la Gen\u00e8se. En voici quelques unes\u00a0:<\/p>\n<ul>\n<li>Dieu a-t-il vraiment tout cr\u00e9\u00e9 en 6 jours\u00a0?<\/li>\n<li>Que faut-il penser de la datation au carbone 14\u00a0?<\/li>\n<li>Pourquoi voyons-nous des \u00e9toiles lointaines si notre univers est r\u00e9cent\u00a0?<\/li>\n<li>Pourquoi cette cruaut\u00e9 dans la nature\u00a0?<\/li>\n<li>Qui \u00e9tait la femme de Ca\u00efn\u00a0?<\/li>\n<li>Le d\u00e9luge a-t-il couvert toute la terre\u00a0?<\/li>\n<li>Que faut-il penser de la d\u00e9rive des continents\u00a0?<\/li>\n<li>Le d\u00e9luge\u00a0: d&rsquo;o\u00f9 est venue cette gigantesque quantit\u00e9 d&rsquo;eau\u00a0?<\/li>\n<li>Comment tous les animaux ont-ils trouv\u00e9 place dans l&rsquo;arche\u00a0?<\/li>\n<li>Comment les poissons ont-ils surv\u00e9cu au d\u00e9luge\u00a0?<\/li>\n<li>O\u00f9 sont tous les fossiles humains\u00a0?<\/li>\n<li>Que savons-nous sur les p\u00e9riodes glaciaires\u00a0?<\/li>\n<li>Quelle est l&rsquo;origine des diff\u00e9rentes \u00ab\u00a0races\u00a0\u00bb\u00a0?<\/li>\n<li>Qu&rsquo;est-il arriv\u00e9 aux dinosaures\u00a0?Ken Ham &#8211; Jonathan Sarfati &#8211; Carl Wieland<br \/>\nSous la direction de Don Batten<\/li>\n<\/ul>\n<\/div>\n","protected":false},"excerpt":{"rendered":"<p><strong>EPUISE<\/strong> (accord de t\u00e9l\u00e9chargement gratuit)<\/p>\n<p><i>\u00ab\u00a0Voil\u00e0 25 ans que je donne des conf\u00e9rences et, partout, on me pose les m\u00eames questions. Ces points de la foi chr\u00e9tienne per\u00e7u comme difficiles re\u00e7oivent ici des r\u00e9ponses claires.\u00a0\u00bb<\/i><br \/>\nKen Ham<\/p>\n<p>Batten, Don (\u00e9d.) (2004). <em>Nos origines en question : La logique de la Cr\u00e9ation.<\/em> Bielefeld : Editions CLV. Premi\u00e8re \u00e9dition fran\u00e7aise. 294 pages. ISBN : 3-89397-975-1.<\/p>\n","protected":false},"featured_media":4972,"comment_status":"closed","ping_status":"closed","template":"","meta":[],"product_cat":[69,70,72],"product_tag":[],"class_list":["post-264","product","type-product","status-publish","has-post-thumbnail","hentry","product_cat-apologetique","product_cat-ebook-gratuit","product_cat-theologie"],"jetpack_sharing_enabled":true,"_links":{"self":[{"href":"https:\/\/bibleetsciencediffusion.org\/index.php\/wp-json\/wp\/v2\/product\/264","targetHints":{"allow":["GET"]}}],"collection":[{"href":"https:\/\/bibleetsciencediffusion.org\/index.php\/wp-json\/wp\/v2\/product"}],"about":[{"href":"https:\/\/bibleetsciencediffusion.org\/index.php\/wp-json\/wp\/v2\/types\/product"}],"replies":[{"embeddable":true,"href":"https:\/\/bibleetsciencediffusion.org\/index.php\/wp-json\/wp\/v2\/comments?post=264"}],"wp:featuredmedia":[{"embeddable":true,"href":"https:\/\/bibleetsciencediffusion.org\/index.php\/wp-json\/wp\/v2\/media\/4972"}],"wp:attachment":[{"href":"https:\/\/bibleetsciencediffusion.org\/index.php\/wp-json\/wp\/v2\/media?parent=264"}],"wp:term":[{"taxonomy":"product_cat","embeddable":true,"href":"https:\/\/bibleetsciencediffusion.org\/index.php\/wp-json\/wp\/v2\/product_cat?post=264"},{"taxonomy":"product_tag","embeddable":true,"href":"https:\/\/bibleetsciencediffusion.org\/index.php\/wp-json\/wp\/v2\/product_tag?post=264"}],"curies":[{"name":"wp","href":"https:\/\/api.w.org\/{rel}","templated":true}]}}