{"id":4404,"date":"2019-11-30T13:26:26","date_gmt":"2019-11-30T12:26:26","guid":{"rendered":"http:\/\/apologetique.plateformescientifique.fr\/?post_type=product&#038;p=4404"},"modified":"2019-12-12T06:42:40","modified_gmt":"2019-12-12T05:42:40","slug":"lentropie-genetique-de-john-sanford","status":"publish","type":"product","link":"https:\/\/bibleetsciencediffusion.org\/index.php\/produit\/lentropie-genetique-de-john-sanford\/","title":{"rendered":"L&rsquo;entropie g\u00e9n\u00e9tique et le myst\u00e8re du g\u00e9nome de John Sanford"},"content":{"rendered":"<blockquote>\n<p style=\"padding-left: 40px;\">\n<\/blockquote>\n<table style=\"margin-left: 30px;\">\n<tbody>\n<tr>\n<td>Confront\u00e9es \u00e0 une complexit\u00e9 stup\u00e9fiante au niveau de la cellule et dans le domaine de la biologie mol\u00e9culaire, les personnes qui r\u00e9fl\u00e9chissent se demandent tout naturellement : \u00ab Comment tout cela en est-il venu \u00e0 exister ? \u00bb Et la r\u00e9ponse conventionnelle donn\u00e9e \u00e0 cette question est ce que l&rsquo;auteur de ce livre appelle \u00ab l&rsquo;Axiome Primaire \u00bb (des mutations al\u00e9atoires filtr\u00e9es par la s\u00e9lection naturelle.)<\/p>\n<p>Le livre L\u2019entropie g\u00e9n\u00e9tique constitue une analyse des \u00e9l\u00e9ments fondamentaux qui sous-tendent l&rsquo;Axiome Primaire (des mutations al\u00e9atoires filtr\u00e9es par la s\u00e9lection naturelle). Elle touche en particulier au logiciel g\u00e9n\u00e9tique qui sp\u00e9cifie la stup\u00e9fiante complexit\u00e9 de la vie. Et le g\u00e9nome est non seulement \u00e9norme, mais il est \u00e9galement excessivement complexe. Comment une structure d&rsquo;information aussi \u00e9tonnante est-elle apparue ? Et comment le g\u00e9nome humain peut-il m\u00eame s\u2019\u00eatre maintenu malgr\u00e9 des milliards de nouvelles mutations d\u00e9l\u00e9t\u00e8res qui entrent dans la population humaine \u00e0 chaque g\u00e9n\u00e9ration et qui ont comme effet la d\u00e9gradation du g\u00e9nome ?<\/p>\n<p><em>L&rsquo;entropie g\u00e9n\u00e9tique<\/em> est un brillant expos\u00e9 sur l&rsquo;irr\u00e9alisme de l&rsquo;Axiome Primaire (des mutations al\u00e9atoires filtr\u00e9es par la s\u00e9lection naturelle). Il est \u00e9crit dans un style difficile, mais accessible, compr\u00e9hensible par des non-sp\u00e9cialistes qui ne poss\u00e8dent que de modestes connaissances en g\u00e9n\u00e9tique ou en biologie. En m\u00eame temps, ce livre poss\u00e8de suffisamment de substance et d\u2019arguments document\u00e9s pour que le biologiste le plus qualifi\u00e9 r\u00e9fl\u00e9chisse s\u00e9rieusement sur ce qu\u2019il a sans doute toujours cru au sujet de l&rsquo;Axiome Primaire. \u00c0 mon avis, ce livre m\u00e9rite d&rsquo;\u00eatre lu par tous les biologistes professionnels et tous les professeurs de biologie du monde. Selon moi, il a le pouvoir de changer de mani\u00e8re profonde la fa\u00e7on dont le monde universitaire voit les choses.<\/p>\n<p style=\"text-align: right;\">Dr John Baumgardner, g\u00e9ophysicien &#8211; Extrait de la pr\u00e9face.<\/p>\n<p>&nbsp;<\/p>\n<div id=\"attachment_4835\" style=\"width: 246px\" class=\"wp-caption alignleft\"><img loading=\"lazy\" decoding=\"async\" aria-describedby=\"caption-attachment-4835\" class=\"wp-image-4835 size-medium\" src=\"https:\/\/bibleetsciencediffusion.org\/wp-content\/uploads\/2019\/11\/JohnSanford_ptt_cr-236x300.jpg\" alt=\"John Sanford\" width=\"236\" height=\"300\" srcset=\"https:\/\/bibleetsciencediffusion.org\/wp-content\/uploads\/2019\/11\/JohnSanford_ptt_cr-236x300.jpg 236w, https:\/\/bibleetsciencediffusion.org\/wp-content\/uploads\/2019\/11\/JohnSanford_ptt_cr.jpg 480w\" sizes=\"auto, (max-width: 236px) 100vw, 236px\" \/><p id=\"caption-attachment-4835\" class=\"wp-caption-text\">John Sanford<\/p><\/div>\n<h3>Pr\u00e9sentation de l&rsquo;auteur<\/h3>\n<p>Le Dr John C. Sanford a \u00e9t\u00e9 professeur \u00e0 l&rsquo;Universit\u00e9 Cornell pendant plus de 30 ans et y occupe toujours un poste en tant que professeur associ\u00e9 honoraire. Il a re\u00e7u son doctorat de l&rsquo;Universit\u00e9 du Wisconsin dans le domaine de la s\u00e9lection des v\u00e9g\u00e9taux et de la g\u00e9n\u00e9tique v\u00e9g\u00e9tale. \u00c0 Cornell, John Sanford a cr\u00e9\u00e9 de nouvelles vari\u00e9t\u00e9s de semences en utilisant les techniques traditionnelles de s\u00e9lection et s&rsquo;est ensuite fortement impliqu\u00e9 dans le domaine naissant du g\u00e9nie g\u00e9n\u00e9tique v\u00e9g\u00e9tal. John Sanford a publi\u00e9 plus de 120 articles scientifiques et a obtenu plusieurs dizaines de brevets. Parmi ses contributions scientifiques les plus significatives pendant la premi\u00e8re partie de sa carri\u00e8re, se trouvent trois inventions, le processus biolistique du \u00ab canon \u00e0 g\u00e8nes \u00bb, la r\u00e9sistance g\u00e9n\u00e9r\u00e9e par les agents pathog\u00e8nes et l&rsquo;immunisation g\u00e9n\u00e9tique. John Sanford a \u00e9galement fond\u00e9 deux entreprises biotechnologiques par suite de ses recherches, Biolistics, Inc. et Sanford Scientific, Inc.<\/td>\n<\/tr>\n<tr>\n<th><\/th>\n<td><\/td>\n<\/tr>\n<\/tbody>\n<\/table>\n","protected":false},"excerpt":{"rendered":"<table>\n<tbody>\n<tr>\n<td style=\"padding-left: 30px;\">L&rsquo;entropie g\u00e9n\u00e9tique est un brillant expos\u00e9 sur l&rsquo;irr\u00e9alisme de l&rsquo;Axiome Primaire (des mutations al\u00e9atoires filtr\u00e9es par la s\u00e9lection naturelle). Il est \u00e9crit dans un style difficile, mais accessible, compr\u00e9hensible par des non-sp\u00e9cialistes qui ne poss\u00e8dent que de modestes connaissances en g\u00e9n\u00e9tique ou en biologie. En m\u00eame temps, ce livre poss\u00e8de suffisamment de substance et d\u2019arguments document\u00e9s pour que le biologiste le plus qualifi\u00e9 r\u00e9fl\u00e9chisse s\u00e9rieusement sur ce qu\u2019il a sans doute toujours cru au sujet de l&rsquo;Axiome Primaire. \u00c0 mon avis, ce livre m\u00e9rite d&rsquo;\u00eatre lu par tous les biologistes professionnels et tous les professeurs de biologie du monde. Selon moi, il a le pouvoir de changer de mani\u00e8re profonde la fa\u00e7on dont le monde universitaire voit les choses.<\/p>\n<p>Sanford, J.C. (2019). <em>L&rsquo;entropie g\u00e9n\u00e9tique et le myst\u00e8re du g\u00e9nome.<\/em> Le S\u00e9questre : Editions La Lumi\u00e8re. 1\u00e8re \u00e9dition. 264 p.<\/p>\n<p>Prix :<strong> 24 euros TTC + <\/strong>frais de port.<\/p>\n<p>Ce produit est \u00e9ligible \u00e0 une remise librairie. Nous contacter sur la page <a href=\"https:\/\/bibleetsciencediffusion.org\/index.php\/a-propos\/\">A propos<\/a> pour plus d&rsquo;informations \u00e0 ce sujet.<\/td>\n<\/tr>\n<\/tbody>\n<\/table>\n<p>&nbsp;<\/p>\n","protected":false},"featured_media":4411,"comment_status":"open","ping_status":"closed","template":"","meta":[],"product_cat":[134,89,133],"product_tag":[84,85],"class_list":["post-4404","product","type-product","status-publish","has-post-thumbnail","hentry","product_cat-evolution","product_cat-genetique","product_cat-science","product_tag-entropie-genetique","product_tag-john-sanford"],"jetpack_sharing_enabled":true,"_links":{"self":[{"href":"https:\/\/bibleetsciencediffusion.org\/index.php\/wp-json\/wp\/v2\/product\/4404","targetHints":{"allow":["GET"]}}],"collection":[{"href":"https:\/\/bibleetsciencediffusion.org\/index.php\/wp-json\/wp\/v2\/product"}],"about":[{"href":"https:\/\/bibleetsciencediffusion.org\/index.php\/wp-json\/wp\/v2\/types\/product"}],"replies":[{"embeddable":true,"href":"https:\/\/bibleetsciencediffusion.org\/index.php\/wp-json\/wp\/v2\/comments?post=4404"}],"wp:featuredmedia":[{"embeddable":true,"href":"https:\/\/bibleetsciencediffusion.org\/index.php\/wp-json\/wp\/v2\/media\/4411"}],"wp:attachment":[{"href":"https:\/\/bibleetsciencediffusion.org\/index.php\/wp-json\/wp\/v2\/media?parent=4404"}],"wp:term":[{"taxonomy":"product_cat","embeddable":true,"href":"https:\/\/bibleetsciencediffusion.org\/index.php\/wp-json\/wp\/v2\/product_cat?post=4404"},{"taxonomy":"product_tag","embeddable":true,"href":"https:\/\/bibleetsciencediffusion.org\/index.php\/wp-json\/wp\/v2\/product_tag?post=4404"}],"curies":[{"name":"wp","href":"https:\/\/api.w.org\/{rel}","templated":true}]}}