{"id":5024,"date":"2019-12-10T12:55:53","date_gmt":"2019-12-10T11:55:53","guid":{"rendered":"https:\/\/bibleetsciencediffusion.org\/?post_type=product&#038;p=5024"},"modified":"2019-12-11T07:29:34","modified_gmt":"2019-12-11T06:29:34","slug":"tractatus-logico-theologicus-de-john-warwick-montgomery","status":"publish","type":"product","link":"https:\/\/bibleetsciencediffusion.org\/index.php\/produit\/tractatus-logico-theologicus-de-john-warwick-montgomery\/","title":{"rendered":"Tractatus Logico-Theologicus de John Warwick Montgomery"},"content":{"rendered":"<p>Le Professeur Montgomery, au cours de ses \u00e9tudes \u00e0 l\u2019Universit\u00e9 Cornell, \u00e9tait en contact avec Norman Malcolm, disciple et proche ami de Wittgenstein, et fit ses premi\u00e8res armes en logique formelle sous les instructions de Max Black qui, semble-t-il, faisait partie des tr\u00e8s rares personnes \u00e0 avoir compris, en premi\u00e8re lecture, l\u2019argumentation de Russell et Whitehead formul\u00e9e dans leur <em>Principia Mathematica<\/em>.<\/p>\n<p>La carri\u00e8re de Montgomery dans l\u2019enseignement universitaire dans les domaines de l\u2019histoire, du droit, de la litt\u00e9rature et de la th\u00e9ologie, combin\u00e9e avec cet arri\u00e8re-plan philosophique, l\u2019a conduit \u00e0 produire le pr\u00e9sent ouvrage qui propose une apolog\u00e9tique compl\u00e8te du christianisme classique.<\/p>\n<p>Consistant en plus de 1800 propositions agenc\u00e9es suivant une s\u00e9quence logique, le <em>Tractatus<\/em> de Montgomery est accompagn\u00e9 de r\u00e9f\u00e9rences scripturaires, d\u2019un index des noms et d\u2019un index des sujets d\u00e9taill\u00e9s. Le champ couvert est remarquable, embrassant la logique, la litt\u00e9rature, l\u2019histoire, les mythes, la science, la philosophie, la jurisprudence, les th\u00e9ories politiques et la th\u00e9ologie \u2013 l\u2019ensemble \u00e9tant, du d\u00e9but jusqu\u2019\u00e0 la fin, ponctu\u00e9 de la verve et entrecoup\u00e9 de coups d\u2019\u00e9p\u00e9e ac\u00e9r\u00e9s d\u2019un avocat \u00e0 l\u2019aise dans des contextes conflictuels.<\/p>\n<p>Le <em>Tractatus<\/em> de Wittgenstein, qui a d\u00e9montr\u00e9 les limites de toute tentative non transcendantale de comprendre le monde, se terminait par la proposition suivante : \u00ab Sur ce dont on ne peut pas parler, l\u2019on doit garder silence. \u00bb Montgomery, \u00e0 l\u2019issue d\u2019un expos\u00e9 qui d\u00e9fend de mani\u00e8re approfondie la r\u00e9v\u00e9lation transcendante m\u00eame \u00e0 laquelle Wittgenstein aspirait sans jamais la trouver, conclut comme suit : \u00ab L\u00e0 o\u00f9 l\u2019on peut parler, l\u2019on ne doit pas se taire. \u00bb<\/p>\n<p>Le <em>Tractatus Logico-Theologicus<\/em> vise \u00e0 frayer de nouvelles voies dans l\u2019apolog\u00e9tique, comme le fit le <em>Tractatus Logico-Philosophicus<\/em> en \u00e9pist\u00e9mologie. Il devrait susciter un int\u00e9r\u00eat particulier chez les philosophes de la religion, les th\u00e9ologiens, les pasteurs, les historiens des id\u00e9es, et chez quiconque cherche de solides r\u00e9ponses aux questions ultimes qui nous tourmentent tous \u00e0 un moment ou un autre, notamment durant ce que Saint Jean de la Croix appelait \u00ab la nuit obscure de l\u2019\u00e2me \u00bb.<\/p>\n<hr \/>\n<h3>A propos de John Warwick Montgomery<\/h3>\n<div id=\"attachment_5026\" style=\"width: 160px\" class=\"wp-caption alignleft\"><img loading=\"lazy\" decoding=\"async\" aria-describedby=\"caption-attachment-5026\" class=\"size-thumbnail wp-image-5026\" src=\"https:\/\/bibleetsciencediffusion.org\/wp-content\/uploads\/2019\/12\/JohnWarwickMontgomery_idjpg-150x150.jpg\" alt=\"\" width=\"150\" height=\"150\" srcset=\"https:\/\/bibleetsciencediffusion.org\/wp-content\/uploads\/2019\/12\/JohnWarwickMontgomery_idjpg-150x150.jpg 150w, https:\/\/bibleetsciencediffusion.org\/wp-content\/uploads\/2019\/12\/JohnWarwickMontgomery_idjpg-299x300.jpg 299w, https:\/\/bibleetsciencediffusion.org\/wp-content\/uploads\/2019\/12\/JohnWarwickMontgomery_idjpg-100x100.jpg 100w\" sizes=\"auto, (max-width: 150px) 100vw, 150px\" \/><p id=\"caption-attachment-5026\" class=\"wp-caption-text\">Prof. Dr John Warwick Montgomery<\/p><\/div>\n<p>John Warwick Montgomery est le grand d\u00e9fenseur d&rsquo;une apolog\u00e9tique juridique de la foi chr\u00e9tienne historique. Il poss\u00e8de une formation d&rsquo;historien (doctorat de l\u2019Universit\u00e9 de Chicago), d&rsquo;avocat anglais, d&rsquo;avocat fran\u00e7ais et de juriste am\u00e9ricain (doctorat en droit [L.L.D.] de l&rsquo;Universit\u00e9 de Cardiff, Pays de Galles, Royaume-Uni) et de th\u00e9ologien (doctorat en th\u00e9ologie, Facult\u00e9 de th\u00e9ologie protestante, Universit\u00e9 de Strasbourg, France). Il est professeur \u00e9m\u00e9rite de droit et sciences humaines, \u00e0 l\u2019Universit\u00e9 de Bedfordshire, en Angleterre et actuellement professeur distingu\u00e9, 1517. The Legacy Project, \u00e0 Irvine, en Californie (\u00c9tats-Unis). Le professeur Montgomery r\u00e9side en France et en Angleterre et dirige l&rsquo;Acad\u00e9mie internationale d&rsquo;apolog\u00e9tique, d&rsquo;\u00e9vang\u00e9lisation et des droits de l&rsquo;homme (Strasbourg, France).<\/p>\n<p>&nbsp;<\/p>\n<p>&nbsp;<\/p>\n<p>Pour plus d&rsquo;informations sur le livre, cf. <a href=\"http:\/\/tractatus.jwm.free.fr\">tractatus.jwm.free.fr.<\/a><\/p>\n","protected":false},"excerpt":{"rendered":"<p>La carri\u00e8re de John Warwick Montgomery dans l\u2019enseignement universitaire dans les domaines de l\u2019histoire, du droit, de la litt\u00e9rature, de la th\u00e9ologie et de la philosophique, l\u2019a conduit \u00e0 produire le pr\u00e9sent ouvrage qui propose une apolog\u00e9tique compl\u00e8te du christianisme classique. Consistant en plus de 1800 propositions agenc\u00e9es suivant une s\u00e9quence logique, le <em>Tractatus<\/em> couvre un champ remarquable, embrassant la logique, la litt\u00e9rature, l\u2019histoire, les mythes, la science, la philosophie, la jurisprudence, les th\u00e9ories politiques et la th\u00e9ologie.<\/p>\n<p>Le <em>Tractatus<\/em> de Wittgenstein a d\u00e9montr\u00e9 les limites de toute tentative non transcendantale de comprendre le monde. Montgomery, lui, d\u00e9fend de mani\u00e8re approfondie la r\u00e9v\u00e9lation transcendante m\u00eame \u00e0 laquelle Wittgenstein aspirait sans jamais la trouver.<\/p>\n<p>Le <em>Tractatus<\/em> vise \u00e0 frayer de nouvelles voies dans l\u2019apolog\u00e9tique, comme le fit le<em> Tractatus Logico-Philosophicus<\/em> en \u00e9pist\u00e9mologie. Il passionnera quiconque cherche de solides r\u00e9ponses aux questions ultimes.<\/p>\n<p style=\"text-align: left;\">Montgomery, John Warwick (2019) <em>Tractatus Logico-Theologicus<\/em>. Le S\u00e9questre : Editions La Lumi\u00e8re. Premi\u00e8re \u00e9dition, collection R\u00e9forme, vol. n\u00b0 7. 276 pages.<\/p>\n","protected":false},"featured_media":5027,"comment_status":"open","ping_status":"closed","template":"","meta":[],"product_cat":[69,98,72],"product_tag":[],"class_list":["post-5024","product","type-product","status-publish","has-post-thumbnail","hentry","product_cat-apologetique","product_cat-philosophie","product_cat-theologie"],"jetpack_sharing_enabled":true,"_links":{"self":[{"href":"https:\/\/bibleetsciencediffusion.org\/index.php\/wp-json\/wp\/v2\/product\/5024","targetHints":{"allow":["GET"]}}],"collection":[{"href":"https:\/\/bibleetsciencediffusion.org\/index.php\/wp-json\/wp\/v2\/product"}],"about":[{"href":"https:\/\/bibleetsciencediffusion.org\/index.php\/wp-json\/wp\/v2\/types\/product"}],"replies":[{"embeddable":true,"href":"https:\/\/bibleetsciencediffusion.org\/index.php\/wp-json\/wp\/v2\/comments?post=5024"}],"wp:featuredmedia":[{"embeddable":true,"href":"https:\/\/bibleetsciencediffusion.org\/index.php\/wp-json\/wp\/v2\/media\/5027"}],"wp:attachment":[{"href":"https:\/\/bibleetsciencediffusion.org\/index.php\/wp-json\/wp\/v2\/media?parent=5024"}],"wp:term":[{"taxonomy":"product_cat","embeddable":true,"href":"https:\/\/bibleetsciencediffusion.org\/index.php\/wp-json\/wp\/v2\/product_cat?post=5024"},{"taxonomy":"product_tag","embeddable":true,"href":"https:\/\/bibleetsciencediffusion.org\/index.php\/wp-json\/wp\/v2\/product_tag?post=5024"}],"curies":[{"name":"wp","href":"https:\/\/api.w.org\/{rel}","templated":true}]}}