{"id":5048,"date":"2019-12-10T16:29:14","date_gmt":"2019-12-10T15:29:14","guid":{"rendered":"https:\/\/bibleetsciencediffusion.org\/?post_type=product&#038;p=5048"},"modified":"2021-05-24T22:35:05","modified_gmt":"2021-05-24T20:35:05","slug":"lhistoire-alliancielle-de-leglise-dans-le-monde-tome-1-par-jean-marc-berthoud","status":"publish","type":"product","link":"https:\/\/bibleetsciencediffusion.org\/index.php\/produit\/lhistoire-alliancielle-de-leglise-dans-le-monde-tome-1-par-jean-marc-berthoud\/","title":{"rendered":"L\u2019Histoire alliancielle de l\u2019Eglise dans le monde \u2013 Tome 1 \u2013 par Jean-Marc Berthoud"},"content":{"rendered":"<h3><strong>L\u2019Histoire alliancielle de l\u2019Eglise dans le monde \u2013 Tome 1 \u2013 par Jean-Marc Berthoud<\/strong><\/h3>\n<p>Ce livre, <em>Le Temps des P\u00e8res et l\u2019\u00c2ge de la Foi<\/em> \u2013 le premier des cinq volumes, d\u2019une Histoire alliancielle de l\u2019\u00c9glise dans le monde \u2013, est d\u2019une mati\u00e8re tout \u00e0 la fois vaste et profonde. Il aborde aussi de nombreux th\u00e8mes. Il \u00e9voque pour moi l\u2019image d\u2019une belle tapisserie tiss\u00e9e de fils de couleurs vari\u00e9es, certaines plus brillantes, d\u2019autres plus sombres, comme l\u2019est aussi le monde dans lequel nous vivons. Il est sans doute plus ample que le manteau bigarr\u00e9 du patriarche Joseph, mais pas moins beau ! Jean-Marc Berthoud, penseur aux convictions r\u00e9form\u00e9es, vivant \u00e0 Lausanne et connu pour ses nombreuses publications, a ici fourni aux g\u00e9n\u00e9rations montantes une synth\u00e8se r\u00e9fl\u00e9chie compos\u00e9e de textes bibliques entrelac\u00e9s d\u2019une r\u00e9flexion tir\u00e9e de la th\u00e9ologie patristique et scolastique. Cet ensemble \u00e9claire notre monde qui demeure profond\u00e9ment d\u00e9chu, mais qui est constamment aussi l\u2019objet de l\u2019\u0153uvre r\u00e9demptrice du Dieu Trinitaire.<\/p>\n<p>J\u2019ai toujours trouv\u00e9 que l\u2019\u0153il vigilant de Jean-Marc Berthoud ne dirigeait pas son regard uniquement sur l\u2019histoire biblique et alliancielle du peuple de Dieu, mais scrutait avec attention ce monde mouvant dans lequel l\u2019\u00c9glise sera plac\u00e9e jusqu\u2019\u00e0 la fin des temps. Il sait poursuivre, jusque dans leurs racines, ces principes pa\u00efens que Satan cherche \u00e0 promouvoir \u00e0 toutes les \u00e9poques de l\u2019histoire, pour mieux combattre l\u2019\u0153uvre r\u00e9demptrice de Dieu, \u0153uvre divine enracin\u00e9e dans les \u00c9critures et qui s\u2019accomplit ici-bas par l\u2019action de son \u00c9glise fid\u00e8le. Il nous montre \u00e0 quel point l\u2019\u00c9glise se retrouve constamment envahie par la pens\u00e9e pa\u00efenne ; mais aussi de quelle mani\u00e8re cette \u00c9glise parvient, frapp\u00e9e par de telles attaques, \u00e0 progresser \u2013 avec l\u2019aide de la v\u00e9rit\u00e9 biblique et du Saint-Esprit \u2013 plus encore qu\u2019elle ne l\u2019aurait fait sans elles. Comme le disait le pasteur William Still d\u2019Aberdeen en \u00c9cosse : \u00ab L\u00e0 o\u00f9 Satan agit, Dieu est, Lui, plus actif encore ! \u00bb Peu d\u2019ouvrages manifestent cette r\u00e9alit\u00e9 plus clairement que l\u2019Histoire alliancielle de J.-M. Berthoud.<\/p>\n<p>Pour les \u00e9tudiants en th\u00e9ologie, pour les pasteurs et pour tout chr\u00e9tien qui cherche \u00e0 r\u00e9fl\u00e9chir sur sa foi, il leur sera d\u2019un grand secours de voir de quelle fa\u00e7on cette bataille \u2013 pour la v\u00e9rit\u00e9 et pour le salut de millions d\u2019\u00e2mes pour la gloire de Dieu \u2013 a fait rage tout au long de ces mille ans qui vont du Nouveau Testament au haut Moyen \u00c2ge. Cette guerre victorieuse a eu pour fruit le d\u00e9veloppement de la civilisation chr\u00e9tienne. Bien qu\u2019un bon nombre de gens \u2013 et parmi eux beaucoup de ceux qui ont profit\u00e9 le plus de la civilisation chr\u00e9tienne de notre Occident \u2013 soient des plus violemment critiques de ses richesses, il est judicieux de faire remarquer que, pour la plupart, les habitants de ce monde, s\u2019ils en avaient le choix, pr\u00e9f\u00e9reraient \u00e9migrer en Europe ou en Am\u00e9rique du Nord plut\u00f4t qu\u2019ailleurs. Et bien de ces hommes politiques, si remplis qu\u2019ils soient de haine pour l\u2019Occident, refusent de le quitter ! Ainsi nos anc\u00eatres, tout p\u00e9cheurs et incons\u00e9quents qu\u2019ils \u00e9taient, furent l\u2019objet de l\u2019assistance pleine de gr\u00e2ce de la Providence divine et parvinrent ainsi \u00e0 d\u00e9velopper de nombreuses institutions bienfaisantes telles le droit canon et le droit coutumier, la libert\u00e9 sociale, le jugement par des jurys, les parlements, les universit\u00e9s, la m\u00e9decine, ainsi que des \u00e9l\u00e9ments non n\u00e9gligeables de la science moderne. Ce volume r\u00e9dig\u00e9 par Jean-Marc nous indique les fils conducteurs d\u2019o\u00f9 est sortie cette histoire. Comme cela est propre \u00e0 ses autres \u00e9crits, il ne s\u00e9pare pas les divers domaines de la r\u00e9alit\u00e9 les uns des autres, mais cherche \u00e0 d\u00e9montrer leur coh\u00e9rence dans un tableau plus vaste. On per\u00e7oit alors \u00e0 quel point ces fils sont reli\u00e9s les uns aux autres : Bible, th\u00e9ologie et politique, tout cela se situant dans un monde chaotique. Ceux qui ambitionnent \u00e0 \u00eatre des pr\u00e9dicateurs pratiques, trouveront ici bien des choses \u00e0 apprendre sur l\u2019application des v\u00e9rit\u00e9s bibliques \u00e0 la vie de leurs contemporains.<\/p>\n<p>Je ne vais pas tenter de faire le tour de ce vaste tableau, mais me limiterai \u00e0 relever quelques points qui, \u00e0 mon sens, brillent comme une lumi\u00e8re plac\u00e9e dans un lieu obscur. Le rapport qu\u2019il \u00e9tablit entre Hilaire de Poitiers (au IV<sup>e<\/sup> si\u00e8cle) et le cardinal Pie, lui aussi de Poitiers (au XIX<sup>e<\/sup>) montre \u00e0 quel point peut \u00eatre d\u00e9terminante l\u2019influence d\u2019une christologie saine qui transformera ceux qui l\u2019accueillent. Ce qu\u2019il \u00e9crit sur \u00ab les rapports entre les divers livres du Nouveau Testament \u00bb procure au lecteur un soulagement bienvenu apr\u00e8s la lecture de tant de th\u00e9ories d\u00e9faillantes sur les relations entre elles des \u00c9vangiles synoptiques, travaux qui culminent avec ceux de Rudolf Bultmann. Son \u00e9tude sur Chalc\u00e9doine est d\u2019une importance capitale pour redresser le \u00ab moralisme \u00bb politique qui, depuis les Lumi\u00e8res europ\u00e9ennes du XVIIIe si\u00e8cle, nous a conduits au r\u00e8gne g\u00e9n\u00e9ralis\u00e9 d\u2019un \u00e9tatisme de plus en plus omnipr\u00e9sent et tyrannique. Cela nous donne \u00e0 la fois des r\u00e9ponses \u00e0 nos questions ainsi que des solutions raisonnables aux impasses que produit la mentalit\u00e9 \u00ab politiquement correcte \u00bb d\u2019aujourd\u2019hui. Il nous m\u00e8ne ainsi aux racines v\u00e9ritables de la version moderne du paganisme oppresseur. Sans un tel diagnostic, il ne nous est pas possible d\u2019ouvrir une porte \u00e0 l\u2019esp\u00e9rance.<\/p>\n<p>Comme tout chr\u00e9tien v\u00e9ritable, notre auteur tient \u00e0 l\u2019inspiration enti\u00e8re des Saintes \u00c9critures, mais toujours il soul\u00e8ve la question de son interpr\u00e9tation exacte. L\u2019\u00e9tude qu\u2019il consacre aux \u00ab sept r\u00e8gles de Tyconius \u00bb (th\u00e9ologien donatiste du IV<sup>e<\/sup> si\u00e8cle), r\u00e8gles utilis\u00e9es avec profit (accompagn\u00e9es de quelques critiques et modifications) par le grand Augustin, est un mod\u00e8le qui nous indique comment \u00e9tudier au mieux les soixante-six livres de la Bible. Entre autres, il attire notre attention sur la vision lumineuse de Tyconius au sujet de la persistance ici-bas de ces deux \u00ab \u00e9glises \u00bb : l\u2019\u00c9glise v\u00e9ritable de Dieu et ce corps trompeur de la fausse \u00e9glise manipul\u00e9e par Satan. Ces deux \u00ab corps \u00bb se trouvent toujours c\u00f4te \u00e0 c\u00f4te, oppos\u00e9s l\u2019un \u00e0 l\u2019autre, tant dans l\u2019\u00c9criture que, depuis la fermeture du canon, dans l\u2019histoire du monde. Il nous faut tenir compte de cette opposition si nous voulons rendre intelligible non seulement l\u2019histoire biblique, mais aussi celle de l\u2019alliance de Dieu avec l\u2019\u00c9glise dans un monde qui lui est en g\u00e9n\u00e9ral hostile. Il \u00e9claire \u00e9galement le rapport entre l\u2019augustinisme politique et la croissance d\u2019une papaut\u00e9 imp\u00e9riale au cours du Moyen \u00c2ge.<\/p>\n<p>Dans sa discussion tr\u00e8s claire de la clause du Filioque (formule ajout\u00e9e par l\u2019\u00c9glise d\u2019Occident au Credo de Nic\u00e9e-Constantinople), il est convaincu que, dans cette source de discorde, c\u2019est l\u2019Orthodoxie orientale qui d\u00e9fendrait une lecture plus fid\u00e8le \u00e0 l\u2019enseignement du Nouveau Testament. Il indique par contre l\u2019accord entre Thomas d\u2019Aquin et Jean Calvin sur une interpr\u00e9tation de Jean 15 : 26 en faveur du Filioque. Selon lui, c\u2019est l\u2019Orthodoxie orientale qui d\u00e9fend ici une interpr\u00e9tation correcte, tant de l\u2019\u00c9vangile de Jean que de divers autres textes du Nouveau Testament. Il s\u2019appuie aussi sur une connaissance approfondie de l\u2019\u0153uvre du Patriarche Photius. Je ne suis pas s\u00fbr de pouvoir enti\u00e8rement le suivre sur cette question, mais, par contre, j\u2019affirmerais sans h\u00e9sitation que jamais les th\u00e9ologiens occidentaux n\u2019auraient d\u00fb imposer la clause du Filioque au Credo, universellement re\u00e7u d\u2019une mani\u00e8re unilat\u00e9rale et sans rechercher l\u2019accord d\u2019un Concile g\u00e9n\u00e9ral rassemblant l\u2019\u00c9glise chr\u00e9tienne tout enti\u00e8re. Outre l\u2019\u00e9tude si soigneuse de Jean-Marc, je recommanderais la lecture des chapitres 6 et 8 du livre de T. F. Torrance, <em>La Foi Trinitaire. La Th\u00e9ologie \u00e9vang\u00e9lique de l\u2019Ancienne \u00c9glise catholique<\/em> (1988).<\/p>\n<p>Son \u00e9tude sur Bernard de Clairvaux, homme de Dieu si vivement admir\u00e9 par Jean Calvin \u2013 dans laquelle se trouvent certaines critiques n\u00e9cessaires \u2013 est pleine de charme. Son travail sur des P\u00e8res et des Docteurs plus anciens, tels Ir\u00e9n\u00e9e de Lyon et Athanase le Grand, porte le sceau de la clart\u00e9 et de la perspicacit\u00e9. Comprendre de tels hommes nous aide \u00e0 mettre l\u2019\u00c9vangile en relation avec toutes les formes, de la pens\u00e9e et de la pratique, d\u2019un monde s\u00e9cularis\u00e9 \u2013 c\u2019est-\u00e0-dire sans Dieu \u2013 d\u2019un monde qui se trouve toujours en \u00e9volution. Selon moi, l\u2019\u00c9glise moderne n\u2019a gu\u00e8re besoin de nouvelles recherches sur la fa\u00e7on d\u2019atteindre les masses s\u00e9cularis\u00e9es d\u2019un monde devenu religieusement indiff\u00e9rent, mais elle doit plut\u00f4t renouveler sa communion avec la th\u00e9ologie d\u2019hommes tels Ir\u00e9n\u00e9e, Athanase, Hilaire et aussi des Cappadociens. Bien que des travaux sur la scolastique remplissent les rayons de nos biblioth\u00e8ques, je crois que son travail sur ce sujet n\u2019est pas seulement correct, mais a aussi l\u2019avantage d\u2019\u00eatre relativement bref. Il rend ainsi cette p\u00e9riode importante de la th\u00e9ologie chr\u00e9tienne accessible aux \u00e9tudiants. Il d\u00e9sarme bien des malentendus et des mythes courants relatifs aux scolastiques et, ce faisant, il nous rend \u00e0 nouveau accessible une pens\u00e9e \u00e0 la fois tr\u00e8s riche et apte \u00e0 r\u00e9pondre \u00e0 de nombreuses pr\u00e9occupations actuelles. Bien des gens, fortement anim\u00e9s de sentiments anti-scolastiques, n\u2019ont jamais lu la moindre ligne de ces th\u00e9ologiens. J.-M. Berthoud sera votre guide et votre ami si vous avez le d\u00e9sir de prendre ce chemin !<\/p>\n<p>\u00c9tant depuis de nombreuses ann\u00e9es professeur de th\u00e9ologie, je suis heureux de recommander ce livre au public. Il m\u2019a \u00e9difi\u00e9, et je crois qu\u2019il instruira et inspirera ceux qui le liront. Si l\u2019on d\u00e9bute avec une vision limit\u00e9e \u00e0 un seul aspect de la r\u00e9alit\u00e9 \u2013 bien qu\u2019arm\u00e9 d\u2019une forte \u00e9rudition, comme c\u2019est le cas pour la recherche moderne \u2013 j\u2019aime \u00e0 croire que cet ouvrage \u00e9largira votre vision, qu\u2019il vous fournira de nombreuses perspectives nouvelles et des liens inattendus entre divers domaines. Peut-\u00eatre accro\u00eetra-t-il m\u00eame votre joie !<\/p>\n<p style=\"text-align: right;\">Douglas F. Kelly<\/p>\n<p style=\"text-align: right;\">Professeur \u00e9m\u00e9rite de Th\u00e9ologie syst\u00e9matique,<\/p>\n<p style=\"text-align: right;\">Reformed Theological Seminary,<\/p>\n<p style=\"text-align: right;\">Charlotte, Caroline du Nord.<\/p>\n<hr \/>\n<h3>A propos de l&rsquo;auteur<\/h3>\n<div id=\"attachment_5052\" style=\"width: 247px\" class=\"wp-caption alignleft\"><img loading=\"lazy\" decoding=\"async\" aria-describedby=\"caption-attachment-5052\" class=\"wp-image-5052 size-medium\" src=\"https:\/\/bibleetsciencediffusion.org\/wp-content\/uploads\/2019\/12\/JeanMarcBerthoud-237x300.jpg\" alt=\"\" width=\"237\" height=\"300\" srcset=\"https:\/\/bibleetsciencediffusion.org\/wp-content\/uploads\/2019\/12\/JeanMarcBerthoud-237x300.jpg 237w, https:\/\/bibleetsciencediffusion.org\/wp-content\/uploads\/2019\/12\/JeanMarcBerthoud.jpg 300w\" sizes=\"auto, (max-width: 237px) 100vw, 237px\" \/><p id=\"caption-attachment-5052\" class=\"wp-caption-text\">Jean-Marc Berthoud<\/p><\/div>\n<p>Au printemps 1966, Berthoud se convertit au christianisme \u00e0 la suite de la lecture du <i>Trait\u00e9 sur les scandales <\/i>de John Calvin, apr\u00e8s s&rsquo;\u00eatre vivement int\u00e9ress\u00e9 au style fran\u00e7ais de Calvin. Il abandonne alors une carri\u00e8re acad\u00e9mique prometteuse. Pour subvenir aux besoins d&rsquo;une famille nombreuse, il a travaill\u00e9 comme jardinier, puis comme porteur de chemin de fer, et enfin comme employ\u00e9 de poste manuel \u00e0 temps partiel jusqu&rsquo;\u00e0 sa retraite professionnelle en 2004.<\/p>\n<p>Berthoud a publi\u00e9 plus de treize livres en fran\u00e7ais et en a \u00e9crit un en anglais, une biographie du r\u00e9formateur fran\u00e7ais Pierre Viret. Actuellement, il travaille sur une explication d\u00e9taill\u00e9e du livre de l&rsquo;Apocalypse sous forme de sermons. Parmi ses \u0153uvres in\u00e9dites figurent une \u00e9tude en plusieurs volumes des Dix Commandements dans leur exposition \u00e0 travers les Ecritures et un Commentaire sur Ez\u00e9chiel 1 \u00e0 24. Il met la derni\u00e8re main \u00e0 une s\u00e9rie de conf\u00e9rences en quatre volumes sur l&rsquo;histoire de l&rsquo;Alliance de l&rsquo;\u00c9glise dans le monde, en tra\u00e7ant le th\u00e8me de l&rsquo;alliance de Dieu, en se concentrant particuli\u00e8rement sur le peuple de Dieu et sa relation avec la vie des nations. Il a \u00e9t\u00e9 pendant de nombreuses ann\u00e9es r\u00e9dacteur en chef des revues <i>R\u00e9sister et Construire<\/i> et de <i>Documentation Chr\u00e9tienne<\/i>. Il a pr\u00e9sid\u00e9 l&rsquo;Association Vaudoise de Parents Chr\u00e9tiens et l&rsquo;Association Cr\u00e9ation, Bible et Science, a \u00e9t\u00e9 directeur d&rsquo;une collection de livres, Messages, pour les \u00c9ditions L&rsquo;Age d&rsquo;Homme, et a tenu une librairie chr\u00e9tienne, La Proue, pendant plus de vingt ans.<\/p>\n<p>Jean-Marc Berthoud vit \u00e0 Lausanne, en Suisse, avec son \u00e9pouse Rose-Marie. Ils ont cinq enfants et huit petits-enfants.<\/p>\n","protected":false},"excerpt":{"rendered":"<p><span class=\"expandable-text\">Jean-Marc Berthoud, n\u00e9 en 1939 en Afrique du Sud, vit \u00e0 Lausanne (Suisse). Auteur de nombreux articles et de plusieurs livres il est historien et d\u00e9fenseur de la foi chr\u00e9tienne. Il a \u00e9tudi\u00e9 l\u2019histoire \u00e0 Johannesburg, \u00e0 la Sorbonne et \u00e0 l\u2019Universit\u00e9 de Londres et fut libraire et directeur de collection \u00e0 L\u2019\u00c2ge d\u2019Homme. Ce livre, Le temps des P\u00e8res et l\u2019\u00e2ge de la Foi, est le premier de cinq volumes d\u2019une Histoire de l\u2019\u00c9glise vue \u00e0 travers les dures crises qu\u2019elle dut subir au cours des \u00e2ges. La croissance victorieuse de l\u2019\u00c9glise de Dieu est d\u00e9crite \u00e0 travers ces luttes. Il est \u00e9crit dans une langue simple et claire, a un caract\u00e8re rigoureusement historique, mais aussi th\u00e9ologique et philosophique. Il s\u2019agit d\u2019un seul combat, toujours actuel : la d\u00e9fense du<span class=\"more-text\"> christianisme contre ses adversaires. Chaque chapitre traite d\u2019un moment particulier de cette immense bataille et peut donc \u00eatre lu comme un r\u00e9cit ind\u00e9pendant qui s\u2019ins\u00e8re cependant harmonieusement dans la trame d\u2019une unique histoire<\/span><\/span><\/p>\n<p>Berthoud, Jean-Marc (2018) <em>L&rsquo;Histoire alliancielle de l&rsquo;Eglise dans le monde<\/em>. Tome 1. Pierre Beno\u00eet, \u00e9diteur. Premi\u00e8re \u00e9dition. 688 pages. ISBN : 9780244059750.<\/p>\n<p><span class=\"price-label\">Prix :<\/span><span style=\"display: inline !important; float: none; background-color: #ffffff; color: #333333; cursor: text; font-family: -apple-system,BlinkMacSystemFont,'Segoe UI',Roboto,Oxygen-Sans,Ubuntu,Cantarell,'Helvetica Neue',sans-serif; font-size: 16px; font-style: normal; font-variant: normal; font-weight: 400; letter-spacing: normal; orphans: 2; text-align: left; text-decoration: none; text-indent: 0px; text-transform: none; -webkit-text-stroke-width: 0px; white-space: normal; word-spacing: 0px;\">\u00a0<\/span><span class=\"list-price\"> 35,17 \u20ac TTC (33,32 \u20ac HT + frais de port variables selon l&rsquo;adresse de livraison).<\/span><\/p>\n","protected":false},"featured_media":5049,"comment_status":"open","ping_status":"closed","template":"","meta":[],"product_cat":[72],"product_tag":[],"class_list":["post-5048","product","type-product","status-publish","has-post-thumbnail","hentry","product_cat-theologie"],"jetpack_sharing_enabled":true,"_links":{"self":[{"href":"https:\/\/bibleetsciencediffusion.org\/index.php\/wp-json\/wp\/v2\/product\/5048","targetHints":{"allow":["GET"]}}],"collection":[{"href":"https:\/\/bibleetsciencediffusion.org\/index.php\/wp-json\/wp\/v2\/product"}],"about":[{"href":"https:\/\/bibleetsciencediffusion.org\/index.php\/wp-json\/wp\/v2\/types\/product"}],"replies":[{"embeddable":true,"href":"https:\/\/bibleetsciencediffusion.org\/index.php\/wp-json\/wp\/v2\/comments?post=5048"}],"wp:featuredmedia":[{"embeddable":true,"href":"https:\/\/bibleetsciencediffusion.org\/index.php\/wp-json\/wp\/v2\/media\/5049"}],"wp:attachment":[{"href":"https:\/\/bibleetsciencediffusion.org\/index.php\/wp-json\/wp\/v2\/media?parent=5048"}],"wp:term":[{"taxonomy":"product_cat","embeddable":true,"href":"https:\/\/bibleetsciencediffusion.org\/index.php\/wp-json\/wp\/v2\/product_cat?post=5048"},{"taxonomy":"product_tag","embeddable":true,"href":"https:\/\/bibleetsciencediffusion.org\/index.php\/wp-json\/wp\/v2\/product_tag?post=5048"}],"curies":[{"name":"wp","href":"https:\/\/api.w.org\/{rel}","templated":true}]}}