{"id":5077,"date":"2019-12-10T19:19:58","date_gmt":"2019-12-10T18:19:58","guid":{"rendered":"https:\/\/bibleetsciencediffusion.org\/?post_type=product&#038;p=5077"},"modified":"2019-12-10T19:33:44","modified_gmt":"2019-12-10T18:33:44","slug":"cle-usb-du-premier-congres-national-bible-science-2019-a-mulhouse","status":"publish","type":"product","link":"https:\/\/bibleetsciencediffusion.org\/index.php\/produit\/cle-usb-du-premier-congres-national-bible-science-2019-a-mulhouse\/","title":{"rendered":"Cl\u00e9 USB du premier congr\u00e8s national Bible &#038; Science 2019 \u00e0 Mulhouse"},"content":{"rendered":"<h2 id=\"det\" class=\"entete\"><span class=\"gras z8\">DETAIL DES VIDEOS<\/span>\u00a0<span class=\"z6\"><br \/>\n<\/span><\/h2>\n<p class=\"TxtLL\"><strong><span id=\"det01\" class=\"gras mauve\">John Sanford &#8211; G\u00e9n\u00e9ticien<\/span><\/strong><\/p>\n<ul>\n<li><strong>D\u00e9volution, entropie g\u00e9n\u00e9tique et information biologique<\/strong><br \/>\nNous savons maintenant que la vie est programm\u00e9e et que le g\u00e9nome est le logiciel de la vie.<br \/>\nNous savons aussi que tout ce qui est fonctionnel (y compris les syst\u00e8mes d&rsquo;information) d\u00e9g\u00e9n\u00e8re \u2013 en dehors d\u2019une intervention d\u2019une intelligence. Il y a maintenant des preuves irr\u00e9futables de ce que le g\u00e9nome humain d\u00e9g\u00e9n\u00e8re, ce qui signifie que nous n&rsquo;allons pas dans le sens du progr\u00e8s, mais de la d\u00e9cr\u00e9pitude.<br \/>\nCela signifie que la macro\u00e9volution est impossible. L&rsquo;entropie g\u00e9n\u00e9tique est parfaitement conforme \u00e0 la Bible et \u00e0 la Chute d\u00e9crite dans la Bible.<\/li>\n<\/ul>\n<p>&nbsp;<\/p>\n<ul>\n<li><strong><span class=\"gras\">Nouvelles preuves g\u00e9n\u00e9tiques r\u00e9futant l&rsquo;\u00e9volution n\u00e9odarwinienne<\/span><\/strong><br \/>\nLa th\u00e9orie n\u00e9odarwinienne de l&rsquo;\u00e9volution est en train de s&rsquo;effondrer.<br \/>\nTrois nouvelles preuves puissantes contre l&rsquo;\u00e9volution sont :<br \/>\na) la r\u00e9futation du c\u00e9l\u00e8bre th\u00e9or\u00e8me fondamental de la s\u00e9lection naturelle de Fisher &#8211; b) la r\u00e9futation de l&rsquo;\u00e9volution menant du singe \u00e0 l\u2019homme \u2013 gr\u00e2ce au grave \u00ab probl\u00e8me du temps d&rsquo;attente \u00bb &#8211; et c) la r\u00e9futation de la c\u00e9l\u00e8bre affirmation par Ohno de \u00ab\u00a0l&rsquo;\u00e9volution de novo de l&rsquo;enzyme nylonase\u00a0\u00bb.<\/li>\n<\/ul>\n<p>&nbsp;<\/p>\n<ul>\n<li><strong><span class=\"gras\">Preuves g\u00e9n\u00e9tiques en faveur de l&rsquo;origine divine de l&rsquo;homme et de la famille<\/span><\/strong><br \/>\nPar la gr\u00e2ce de Dieu, il existe des preuves scientifiques croissantes qui affirment Gen\u00e8se 1-11, notamment :<br \/>\nla r\u00e9alit\u00e9 de la cr\u00e9ation miraculeuse de l&rsquo;humanit\u00e9, la r\u00e9alit\u00e9 biologique du genre humain et la r\u00e9alit\u00e9 d&rsquo;un Adam et d&rsquo;une \u00c8ve litt\u00e9raux &#8211; qui ont donn\u00e9 naissance \u00e0 toute l&rsquo;humanit\u00e9.<\/li>\n<\/ul>\n<p>&nbsp;<\/p>\n<ul>\n<li><strong><span class=\"gras\">Le parcours personnel surprenant d&rsquo;un g\u00e9n\u00e9ticien (t\u00e9moignage)<\/span><\/strong><br \/>\nComment un scientifique de l&rsquo;Universit\u00e9 Cornell est devenu un scientifique chr\u00e9tien croyant \u00e0 la Bible et un chercheur affirmant la Bible, apr\u00e8s avoir \u00e9t\u00e9 un scientifique ath\u00e9e croyant \u00e0 l\u2019\u00e9volution.<\/li>\n<\/ul>\n<p><strong><span id=\"det01\" class=\"gras mauve\">Andr\u00e9 Eggen &#8211; Sp\u00e9cialiste du g\u00e9nome<\/span><\/strong><\/p>\n<p><strong><span class=\"gras\">L&rsquo;\u00e9volution darwinienne \u00e0 la lumi\u00e8re des r\u00e9centes d\u00e9couvertes en g\u00e9nomique<\/span><\/strong><br \/>\nAlors que la th\u00e9orie de l&rsquo;\u00e9volution est consid\u00e9r\u00e9e par le grand public comme largement d\u00e9montr\u00e9e, un nombre croissant de chercheurs osent la confronter aux derni\u00e8res d\u00e9couvertes sur les g\u00e9nomes.<br \/>\nCette session met en lumi\u00e8re les probl\u00e8mes rencontr\u00e9s et l&rsquo;obligation de reconsid\u00e8rer notre vision de la vie, de son origine et de sa transmission.<\/p>\n<p><strong><span id=\"det01\" class=\"gras mauve\">Etienne Vernaz &#8211; Ancien Directeur de recherches au CEA<\/span><\/strong><\/p>\n<p><strong><span class=\"gras\">R\u00e9flexion sur la question des origines et la notion de cr\u00e9ation<\/span><\/strong><br \/>\nLa question des origines est incontournable lorsqu&rsquo;on s&rsquo;int\u00e9resse \u00e0 la Bible, la foi et la science.<br \/>\nC&rsquo;est en fait une probl\u00e9matique centrale et m\u00eame cruciale. Cette session met le projecteur sur la notion capitale de cr\u00e9ation.<\/p>\n<p><strong><span id=\"det01\" class=\"gras mauve\">Dominique Tassot &#8211; Ancien Directeur de recherches dans l&rsquo;industrie pharmaceutique<\/span><\/strong><\/p>\n<p class=\"TxtLL\"><strong><span class=\"gras\">Examen des arguments appuyant la th\u00e9orie de l&rsquo;\u00e9volution<\/span><\/strong><br \/>\nDes milliers de scientifiques sont dubitatifs quant \u00e0 la r\u00e9alit\u00e9 de l&rsquo;\u00e9volution des esp\u00e8ces.<br \/>\nCette session revient sur les arguments et raisonnements couramment mis en avant par les \u00e9volutionnistes et en d\u00e9gage les principales erreurs, dont les oublis volontaires de faits significatifs.<\/p>\n<p><strong><span id=\"det01\" class=\"gras mauve\">Guy Berthault &#8211; S\u00e9dimentologue, polytechnicien<\/span><\/strong><\/p>\n<p class=\"TxtLL\"><strong><span class=\"gras\">La nouvelle s\u00e9dimentologie<\/span><\/strong><br \/>\nNous avons tous appris que les strates g\u00e9ologiques se d\u00e9posaient les unes sur les autres et nous permettaient donc une datation relative des diff\u00e9rentes couches s\u00e9dimentaires.<br \/>\nAu cours de cette session nous d\u00e9couvrons un tout autre m\u00e9canisme, qui remet fortement en question notre vision des formations g\u00e9ologiques.<\/p>\n<p><strong><span id=\"det01\" class=\"gras mauve\">Jean de Pontcharra &#8211; Physicien, ancien chercheur au CEA<\/span><\/strong><br \/>\n<strong><span class=\"gras\">Les m\u00e9thodes de datation radiom\u00e9triques et la datation des dinosaures au carbone 14<\/span><\/strong><br \/>\nLe consensus veut que les dinosaures aient disparu il y a environ 65 millions d&rsquo;ann\u00e9es. Pourtant certains de leurs fossiles dat\u00e9s r\u00e9cemment contiennent du carbone 14, indiquant un \u00e2ge tr\u00e8s inf\u00e9rieur.<br \/>\nCette session aborde les probl\u00e8mes du choix des conditions initiales et de contamination des m\u00e9thodes de datation radiom\u00e9trique et en discute les cons\u00e9quences sur la chronologie des \u00e8res g\u00e9ologiques.<\/p>\n<p><strong><span id=\"det01\" class=\"gras mauve\">Eric Lema\u00eetre &#8211; Socio-\u00e9conomiste<\/span><\/strong><br \/>\n<strong><span class=\"gras\">L&rsquo;homme mutant, promesse d&rsquo;un nouvel \u00e2ge d&rsquo;or pour l&rsquo;humanit\u00e9<\/span><\/strong><br \/>\nLe transhumanisme, la nouvelle id\u00e9ologie mat\u00e9rialiste port\u00e9e par les GAFAM fait r\u00eaver du fait des progr\u00e8s fulgurants de la technoscience, cette id\u00e9ologie occupe aujourd&rsquo;hui, subrepticement une place grandissante dans nos soci\u00e9t\u00e9s en qu\u00eate de d\u00e9passement et de bonheur total. Les technologies transgressent les fronti\u00e8res traditionnelles et nous font miroiter un avenir radieu, un \u00e2ge d&rsquo;or, aux possibilit\u00e9s quasi illimit\u00e9es (augmentation des capacit\u00e9s cognitives et physiques de l&rsquo;homme).<br \/>\nCette session nous pr\u00e9sente la face cach\u00e9e de l&rsquo;homme mutant et des mutations sociales en cours au sein de la soci\u00e9t\u00e9.<\/p>\n<p><strong><span id=\"det01\" class=\"gras mauve\">Pierre Amey &#8211; Th\u00e9ologien, conf\u00e9rencier, ancien ing\u00e9nieur<\/span><\/strong><br \/>\n<strong><span class=\"gras\">Les fondements mat\u00e9rialistes des th\u00e9ories de l&rsquo;\u00e9volution et leurs cons\u00e9quences th\u00e9ologiques et politiques<\/span><\/strong><br \/>\nA grand renfort d\u2019ouvrages scolaires et encyclop\u00e9diques, mais aussi d\u2019innombrables \u00e9missions m\u00e9diatiques, la th\u00e9orie de l\u2019\u00e9volution s\u2019infiltre jusque dans les \u00e9glises et m\u00eame au Conseil de l\u2019Europe.<br \/>\nD\u2019abord hypoth\u00e8se, puis th\u00e9orie, l\u2019\u00e9volution est devenue une id\u00e9ologie.<br \/>\nFille des Lumi\u00e8res, la th\u00e9orie darwinienne de l\u2019\u00e9volution plonge ses racines dans l\u2019histoire du mat\u00e9rialisme philosophique.<\/p>\n","protected":false},"excerpt":{"rendered":"<p style=\"text-align: left;\">L\u2019int\u00e9gralit\u00e9 des 11 sessions du premier congr\u00e8s national Bible &amp; Science qui s&rsquo;est d\u00e9roul\u00e9 \u00e0 Mulhouse du 25 au 27 octobre 2019 ont \u00e9t\u00e9 film\u00e9es et sont disponibles sur cl\u00e9 USB.<\/p>\n<p>Retrouvez l\u2019ensemble des 3 jours de congr\u00e8s sur une seule cl\u00e9 USB. 11 sessions enregistr\u00e9es \u00e0 la Porte Ouverte Chr\u00e9tienne de Mulhouse.<br \/>\nLes intervenants : Dr John SANFORD (invit\u00e9 d\u2019honneur), Andr\u00e9 EGGEN, Etienne VERNAZ, Dominique TASSOT, Guy BERTHAULT, Jean de PONTCHARRA, Eric LEMAITRE, Pierre AMEY.<\/p>\n","protected":false},"featured_media":5081,"comment_status":"open","ping_status":"closed","template":"","meta":{"jetpack_post_was_ever_published":false},"product_cat":[69,134,89,133,135],"product_tag":[],"class_list":["post-5077","product","type-product","status-publish","has-post-thumbnail","hentry","product_cat-apologetique","product_cat-evolution","product_cat-genetique","product_cat-science","product_cat-video"],"jetpack_sharing_enabled":true,"_links":{"self":[{"href":"https:\/\/bibleetsciencediffusion.org\/index.php\/wp-json\/wp\/v2\/product\/5077","targetHints":{"allow":["GET"]}}],"collection":[{"href":"https:\/\/bibleetsciencediffusion.org\/index.php\/wp-json\/wp\/v2\/product"}],"about":[{"href":"https:\/\/bibleetsciencediffusion.org\/index.php\/wp-json\/wp\/v2\/types\/product"}],"replies":[{"embeddable":true,"href":"https:\/\/bibleetsciencediffusion.org\/index.php\/wp-json\/wp\/v2\/comments?post=5077"}],"wp:featuredmedia":[{"embeddable":true,"href":"https:\/\/bibleetsciencediffusion.org\/index.php\/wp-json\/wp\/v2\/media\/5081"}],"wp:attachment":[{"href":"https:\/\/bibleetsciencediffusion.org\/index.php\/wp-json\/wp\/v2\/media?parent=5077"}],"wp:term":[{"taxonomy":"product_cat","embeddable":true,"href":"https:\/\/bibleetsciencediffusion.org\/index.php\/wp-json\/wp\/v2\/product_cat?post=5077"},{"taxonomy":"product_tag","embeddable":true,"href":"https:\/\/bibleetsciencediffusion.org\/index.php\/wp-json\/wp\/v2\/product_tag?post=5077"}],"curies":[{"name":"wp","href":"https:\/\/api.w.org\/{rel}","templated":true}]}}