{"id":7364,"date":"2020-03-29T08:36:02","date_gmt":"2020-03-29T06:36:02","guid":{"rendered":"https:\/\/bibleetsciencediffusion.org\/?post_type=product&#038;p=7364"},"modified":"2020-03-29T08:36:02","modified_gmt":"2020-03-29T06:36:02","slug":"dechiffrer-les-mysteres-de-la-vie","status":"publish","type":"product","link":"https:\/\/bibleetsciencediffusion.org\/index.php\/produit\/dechiffrer-les-mysteres-de-la-vie\/","title":{"rendered":"D\u00e9chiffrer les myst\u00e8res de la vie"},"content":{"rendered":"<h2 style=\"padding-left: 40px; text-align: left;\"><a href=\"http:\/\/www.unlockingthemysteryoflife.com\" target=\"_blank\" rel=\"noopener noreferrer\">D\u00e9chiffrer les myst\u00e8res de la vie<\/a> : Les arguments scientifiques en faveur du dessein intelligent<\/h2>\n<blockquote><p>\u00ab\u00a0La science y est solide et les animations informatiques sont superbes. C&rsquo;est un film grandiose.\u00a0\u00bb<\/p>\n<p>-Philip S. Skell, Ph.D, membre de l&rsquo;Acad\u00e9mie nationale des sciences des \u00c9tats-unis<\/p><\/blockquote>\n<p>Le documentaire <em>D\u00e9chiffrer les myst\u00e8res de la vie<\/em> raconte l&rsquo;histoire de scientifiques contemporains qui avancent une id\u00e9e puissante, mais controvers\u00e9e, la th\u00e9orie du dessin intelligent. Gr\u00e2ce \u00e0 des animations informatiques de pointe, le documentaire vous transporte \u00e0 l&rsquo;int\u00e9rieur d&rsquo;une cellule vivante et vous fait explorer des syst\u00e8mes et des machines qui portent la marque incontestable d&rsquo;une conception intelligente : des moteurs rotatifs qui tournent \u00e0 100 000 tours\/min. Un syst\u00e8me de traitement de l&rsquo;information biologique plus puissant que n&rsquo;importe quel r\u00e9seau informatique. Et une mol\u00e9cule filiforme qui stocke les instructions permettant de construire les composants essentiels de tous les organismes vivants sur terre.<\/p>\n<p>En 1859, Charles Darwin publie <em>L&rsquo;origine des esp\u00e8ces<\/em>. Il y affirme que toute la vie sur terre est le produit de processus naturels non dirig\u00e9s : le temps, le hasard et la s\u00e9lection naturelle. Depuis Darwin, les biologistes se sont appuy\u00e9s sur ces processus pour expliquer l&rsquo;origine des \u00eatres vivants. Cependant, aujourd&rsquo;hui, cette approche est plus que jamais remise en question.<\/p>\n<p><strong><em>D\u00e9chiffrer les myst\u00e8res de<\/em><\/strong> <strong><em>la vie<\/em><\/strong> est le fruit de plus de trois ann\u00e9es de recherche, de photographie et de post-production. S&rsquo;appuyant sur les travaux scientifiques de Stephen C. Meyer, Michael Behe, William Dembski et d&rsquo;autres, ainsi que sur les d\u00e9couvertes r\u00e9centes en biochimie, en g\u00e9n\u00e9tique et en biologie mol\u00e9culaire, ce documentaire pr\u00e9sente les arguments scientifiques en faveur du dessein intelligent.<\/p>\n<p>Le documentaire a \u00e9t\u00e9 film\u00e9 \u00e0 travers les \u00c9tats-Unis en 2001 et 2002. Des photographies de terrain ont \u00e9galement \u00e9t\u00e9 r\u00e9alis\u00e9es dans les \u00eeles Galapagos, sur le site de l&rsquo;exp\u00e9dition de Charles Darwin en 1835, qui a fait date.<\/p>\n<p><strong><em>D\u00e9chiffrer les myst\u00e8res de<\/em><\/strong> <strong><em>la vie<\/em><\/strong> met en valeur des animations informatiques qui d\u00e9crivent le fonctionnement interne d&rsquo;une cellule vivante. L&rsquo;animateur Tim Doherty a cr\u00e9\u00e9 des s\u00e9quences illustrant la structure et le fonctionnement du noyau cellulaire, de la mol\u00e9cule d&rsquo;ADN, des mol\u00e9cules de prot\u00e9ines et du moteur flagellaire bact\u00e9rien.<\/p>\n<p>Apr\u00e8s sa sortie en septembre 2003, <strong><em>D\u00e9chiffrer les myst\u00e8res de<\/em><\/strong> <strong><em>la vie<\/em><\/strong> a \u00e9t\u00e9 diffus\u00e9 sur PBS. Le documentaire a \u00e9t\u00e9 diffus\u00e9 sur plus de 40 cha\u00eenes affili\u00e9es \u00e0 travers les \u00c9tats-Unis. L&rsquo;annulation d&rsquo;une \u00e9mission programm\u00e9e sur la station KNME \u00e0 Albequerque, au Nouveau Mexique, a d\u00e9clench\u00e9 une couverture nationale de l&rsquo;\u00e9v\u00e9nement et un d\u00e9bat sur les d\u00e9cisions de programmation de PBS.<\/p>\n<p><strong><em>D\u00e9chiffrer les myst\u00e8res de<\/em><\/strong> <strong><em>la vie<\/em><\/strong> a \u00e9t\u00e9 traduit dans plus de 25 langues, dont le russe, le mandarin, le fran\u00e7ais et l&rsquo;espagnol. Il est distribu\u00e9 en Asie, en Europe, en Am\u00e9rique du Sud, en Australie, au Canada et aux \u00c9tats-Unis. La distribution en Am\u00e9rique du Nord est supervis\u00e9e par Randolf Productions International.<\/p>\n<p><iframe loading=\"lazy\" src=\"https:\/\/www.youtube.com\/embed\/CAc9oNjXe0M\" width=\"383\" height=\"217\" frameborder=\"0\" allowfullscreen=\"allowfullscreen\" data-mce-fragment=\"1\"><\/iframe><br \/>\nBande annonce<\/p>\n<p><iframe loading=\"lazy\" src=\"https:\/\/www.youtube.com\/embed\/aSIonudQg2M\" width=\"932\" height=\"699\" frameborder=\"0\" allowfullscreen=\"allowfullscreen\" data-mce-fragment=\"1\"><\/iframe><br \/>\nFilm complet<\/p>\n","protected":false},"excerpt":{"rendered":"<h2>La vie sur terre n&rsquo;est-elle que le fruit du hasard, du temps qui passe et de la s\u00e9lection naturelle ? L&rsquo;origine et la diversit\u00e9 des organismes vivants r\u00e9v\u00e8lent-elles les signes d&rsquo;une intelligence ?<\/h2>\n<blockquote><p>\u00ab <em>Si vous examinez la complexit\u00e9 incroyable de la vie alors\u00a0 in\u00e9vitablement la question se pose : qu&rsquo;est-ce qui donne vie \u00e0 tout ceci !<\/em> \u00bb Michael BEHE Biochimiste et auteur du best seller <em>La boite noire de Darwin (Editions Presses de la Renaissance)<\/em>.<\/p><\/blockquote>\n<p>Le DVD \u00ab <em>D\u00e9chiffrer les myst\u00e8res de la vie<\/em> \u00bb examine ces questions universelles et donne des preuves remarquables pour d\u00e9fendre une id\u00e9e qui pourrait r\u00e9volutionner la pens\u00e9e scientifique : la th\u00e9orie de la conception intelligente (ou du dessein intelligent).<\/p>\n<p style=\"text-align: left;\">Le documentaire <em>D\u00e9chiffrer les myst\u00e8res de la vie<\/em> raconte l&rsquo;histoire de scientifiques contemporains qui avancent une id\u00e9e puissante, mais controvers\u00e9e, la th\u00e9orie du dessin intelligent. Gr\u00e2ce \u00e0 des animations informatiques de pointe, le documentaire vous transporte \u00e0 l&rsquo;int\u00e9rieur d&rsquo;une cellule vivante et vous fait explorer des syst\u00e8mes et des machines qui portent la marque incontestable d&rsquo;une conception intelligente : des moteurs rotatifs qui tournent \u00e0 100 000 tours\/min. Un syst\u00e8me de traitement de l&rsquo;information biologique plus puissant que n&rsquo;importe quel r\u00e9seau informatique. Et une mol\u00e9cule filiforme qui stocke les instructions permettant de construire les composants essentiels de tous les organismes vivants sur terre.<\/p>\n<p>Version fran\u00e7aise de juin 2009<\/p>\n<p>DVD vid\u00e9o PAL<\/p>\n<p>Dur\u00e9e : 67 mn.<\/p>\n","protected":false},"featured_media":7365,"comment_status":"open","ping_status":"closed","template":"","meta":{"jetpack_post_was_ever_published":false},"product_cat":[69,134,133,135],"product_tag":[231,96,233,232],"class_list":["post-7364","product","type-product","status-publish","has-post-thumbnail","hentry","product_cat-apologetique","product_cat-evolution","product_cat-science","product_cat-video","product_tag-dessein-intelligent","product_tag-evolution","product_tag-materialisme","product_tag-naturalisme"],"jetpack_sharing_enabled":true,"_links":{"self":[{"href":"https:\/\/bibleetsciencediffusion.org\/index.php\/wp-json\/wp\/v2\/product\/7364","targetHints":{"allow":["GET"]}}],"collection":[{"href":"https:\/\/bibleetsciencediffusion.org\/index.php\/wp-json\/wp\/v2\/product"}],"about":[{"href":"https:\/\/bibleetsciencediffusion.org\/index.php\/wp-json\/wp\/v2\/types\/product"}],"replies":[{"embeddable":true,"href":"https:\/\/bibleetsciencediffusion.org\/index.php\/wp-json\/wp\/v2\/comments?post=7364"}],"wp:featuredmedia":[{"embeddable":true,"href":"https:\/\/bibleetsciencediffusion.org\/index.php\/wp-json\/wp\/v2\/media\/7365"}],"wp:attachment":[{"href":"https:\/\/bibleetsciencediffusion.org\/index.php\/wp-json\/wp\/v2\/media?parent=7364"}],"wp:term":[{"taxonomy":"product_cat","embeddable":true,"href":"https:\/\/bibleetsciencediffusion.org\/index.php\/wp-json\/wp\/v2\/product_cat?post=7364"},{"taxonomy":"product_tag","embeddable":true,"href":"https:\/\/bibleetsciencediffusion.org\/index.php\/wp-json\/wp\/v2\/product_tag?post=7364"}],"curies":[{"name":"wp","href":"https:\/\/api.w.org\/{rel}","templated":true}]}}