{"id":9283,"date":"2022-02-22T15:46:07","date_gmt":"2022-02-22T14:46:07","guid":{"rendered":"https:\/\/bibleetsciencediffusion.org\/?post_type=product&#038;p=9283"},"modified":"2022-05-28T14:13:27","modified_gmt":"2022-05-28T12:13:27","slug":"9283","status":"publish","type":"product","link":"https:\/\/bibleetsciencediffusion.org\/index.php\/produit\/9283\/","title":{"rendered":"L&rsquo;effondrement du Big Bang &#8211; par Alexander Williams et John Hartnett"},"content":{"rendered":"<p>La plupart des gens croient que la physique peut expliquer l&rsquo;origine de l&rsquo;univers. Certains affirment que ces explications scientifiques peuvent se passer de Dieu, et que sa participation et son existence m\u00eame deviennent superflues. Or, ce mythe scientifique moderne est un ch\u00e2teau de cartes, construit non sur des faits, mais sur des hypoth\u00e8ses du naturalisme \u2014 l&rsquo;id\u00e9e selon laquelle la mati\u00e8re est tout ce qui existe.<\/p>\n<p>Lorsque nous examinons les faits r\u00e9els, nous constatons que la physique ne peut expliquer l&rsquo;origine de tout ce qui compose l&rsquo;univers. La science, au final, ne peut fournir aucune r\u00e9ponse d\u00e9finitive aux questions des origines. La science op\u00e8re \u00e0 travers les observations et les exp\u00e9rimentations dans le pr\u00e9sent, mais les \u00e9v\u00e9nements originels uniques du pass\u00e9 ne peuvent \u00eatre observ\u00e9s directement, pas plus qu&rsquo;ils ne peuvent \u00eatre reproduits lors d&rsquo;une exp\u00e9rimentation.<\/p>\n<p>Sans l&rsquo;aide d&rsquo;une machine \u00e0 remonter le temps, la science demeure dans le noir complet en ce qui concerne le pass\u00e9, ne pouvant s&rsquo;appuyer que sur les vestiges du pass\u00e9 pour faire des sp\u00e9culations ; et ces sp\u00e9culations sont toujours d\u00e9velopp\u00e9es \u00e0 l&rsquo;int\u00e9rieur d&rsquo;une vision du monde \u2014 un syst\u00e8me de croyances sur la provenance du monde et sur la mani\u00e8re dont il est devenu tel qu&rsquo;il est. Les questions sur l&rsquo;origine se r\u00e9sument donc en d\u00e9finitive \u00e0 une comparaison entre diff\u00e9rentes visions du monde \u2014 la mani\u00e8re dont nous pensons l&rsquo;univers. Le regrett\u00e9 Dr Carl Sagan a \u00e9crit un jour que la th\u00e9orie du Big Bang semblait si bien r\u00e9ussir \u00e0 expliquer l&rsquo;origine de l&rsquo;univers qu&rsquo;elle ne laissait aucune place \u00ab \u00e0 un cr\u00e9ateur pour faire quoi que ce soit \u00bb. Ce livre d\u00e9montre que la cosmologie du Big Bang ne r\u00e9ussit pas du tout \u00e0 expliquer l&rsquo;origine de l&rsquo;univers.<\/p>\n<p>Pour plus d&rsquo;informations, visiter le site \u00ab\u00a0<a href=\"http:\/\/effondrement.bigbang.free.fr\/\" target=\"_blank\" rel=\"noopener\">L&rsquo;effondrement du Big Bang<\/a>\u00ab\u00a0.<\/p>\n","protected":false},"excerpt":{"rendered":"<p>Dans ce livre, Alexander Williams et John Hartnett s&rsquo;attaquent \u00e0 la th\u00e9orie du Big Bang qui est devenue un des piliers de la science naturaliste moderne. Ils montrent avec brio et clart\u00e9, dans un langage accessible, qu&rsquo;elle est en train de subir le sort d&rsquo;autres th\u00e9ories cosmologiques qui l&rsquo;ont pr\u00e9c\u00e9d\u00e9e : un effondrement total !<\/p>\n<p style=\"text-align: left;\">Alexander Williams et John Hartnett, <em>L&rsquo;effondrement du Big Bang.<\/em> Les \u00c9ditions La Lumi\u00e8re, 8 d\u00e9cembre 2021. 407 pages. ISBN 978-2-900755-03-7. 25 euros TTC + frais de port.<\/p>\n","protected":false},"featured_media":9284,"comment_status":"open","ping_status":"closed","template":"","meta":{"jetpack_post_was_ever_published":false},"product_cat":[69,485,134,133],"product_tag":[489,487,486,97,96,488,490],"class_list":["post-9283","product","type-product","status-publish","has-post-thumbnail","hentry","product_cat-apologetique","product_cat-cosmologie","product_cat-evolution","product_cat-science","product_tag-alexander-williams","product_tag-big-bang","product_tag-cosmologie","product_tag-creation","product_tag-evolution","product_tag-john-hartnett","product_tag-science"],"jetpack_sharing_enabled":true,"_links":{"self":[{"href":"https:\/\/bibleetsciencediffusion.org\/index.php\/wp-json\/wp\/v2\/product\/9283","targetHints":{"allow":["GET"]}}],"collection":[{"href":"https:\/\/bibleetsciencediffusion.org\/index.php\/wp-json\/wp\/v2\/product"}],"about":[{"href":"https:\/\/bibleetsciencediffusion.org\/index.php\/wp-json\/wp\/v2\/types\/product"}],"replies":[{"embeddable":true,"href":"https:\/\/bibleetsciencediffusion.org\/index.php\/wp-json\/wp\/v2\/comments?post=9283"}],"wp:featuredmedia":[{"embeddable":true,"href":"https:\/\/bibleetsciencediffusion.org\/index.php\/wp-json\/wp\/v2\/media\/9284"}],"wp:attachment":[{"href":"https:\/\/bibleetsciencediffusion.org\/index.php\/wp-json\/wp\/v2\/media?parent=9283"}],"wp:term":[{"taxonomy":"product_cat","embeddable":true,"href":"https:\/\/bibleetsciencediffusion.org\/index.php\/wp-json\/wp\/v2\/product_cat?post=9283"},{"taxonomy":"product_tag","embeddable":true,"href":"https:\/\/bibleetsciencediffusion.org\/index.php\/wp-json\/wp\/v2\/product_tag?post=9283"}],"curies":[{"name":"wp","href":"https:\/\/api.w.org\/{rel}","templated":true}]}}